{"id":2498,"date":"2013-12-01T09:56:07","date_gmt":"2013-12-01T09:56:07","guid":{"rendered":"http:\/\/www.luthierduquatuor.fr\/?page_id=2498"},"modified":"2021-05-27T09:02:16","modified_gmt":"2021-05-27T09:02:16","slug":"mes-metiers","status":"publish","type":"page","link":"http:\/\/www.luthierduquatuor.fr\/en\/mes-metiers\/","title":{"rendered":"Services and instruments"},"content":{"rendered":"<h3 id=\"wp-block-themeisle-blocks-advanced-heading-3b588850\" class=\"wp-block-themeisle-blocks-advanced-heading wp-block-themeisle-blocks-advanced-heading-3b588850\"><\/h3>\n\n\n\n<p><a title=\"Page Cr\u00e9ations- Fabrication\" href=\"http:\/\/www.luthierduquatuor.fr\/en\/mes-metiers\/creation-fabrication\/\"><strong>Violin Making :<\/strong><\/a><\/p>\n\n\n\n<p>Cello, viola and violin maker, I'm at your disposal to build the instrument that suits you.<\/p>\n\n\n\n<p><\/p>\n\n\n\n<p><strong><a href=\"http:\/\/www.luthierduquatuor.fr\/en\/mes-metiers\/entretien-reparation\/\">Sound adjustments, maintenance and restoration :&nbsp;<\/a><\/strong><\/p>\n\n\n\n<p>Have your instrument and bow had their annual checkup? \nDon\u2019t let neglect turn a minor matter into a major repair.<\/p>\n\n\n\n<p>We provide maintenance, repair and restoration services<\/p>\n\n\n\n<p><\/p>\n\n\n\n<p><strong><a href=\"http:\/\/www.luthierduquatuor.fr\/en\/mes-metiers\/accessoires-luthier-du-quatuor\/\">Cases and accessories :&nbsp; <\/a><\/strong><\/p>\n\n\n\n<p>Accessories and cases for violin, violas and cellos upon order<\/p>\n\n\n\n<p><a href=\"https:\/\/www.luthierduquatuor.fr\/en\/category\/a-vendre\/\"><strong>For sale :<\/strong><\/a><\/p>\n\n\n\n<p>Instruments currently available in the workshop<\/p>\n\n\n\n<p><\/p>","protected":false},"excerpt":{"rendered":"<p>Fabrication : Luthier du quatuor, sp\u00e9cialis\u00e9e dans la fabrication des violons, altos et violoncelles, je suis \u00e0 votre disposition pour cr\u00e9er l\u2019instrument qui vous ressemble. Entretien, r\u00e9parations et restauration :&nbsp; L\u2019entretien r\u00e9gulier de votre instrument lui assure long\u00e9vit\u00e9 et qualit\u00e9 de la sonorit\u00e9. Petit accident ou gros dommage, nous nous [&hellip;]<\/p>\n","protected":false},"author":1,"featured_media":3029,"parent":0,"menu_order":0,"comment_status":"closed","ping_status":"closed","template":"page-templates\/template-fullwidth.php","meta":{"footnotes":""},"class_list":["post-2498","page","type-page","status-publish","has-post-thumbnail","hentry"],"yoast_head":"<!-- This site is optimized with the Yoast SEO plugin v27.4 - https:\/\/yoast.com\/product\/yoast-seo-wordpress\/ -->\n<title>Services et instruments - AG Violins<\/title>\n<meta name=\"robots\" content=\"index, follow, max-snippet:-1, max-image-preview:large, max-video-preview:-1\" \/>\n<link rel=\"canonical\" href=\"https:\/\/www.luthierduquatuor.fr\/en\/mes-metiers\/\" \/>\n<meta property=\"og:locale\" content=\"en_GB\" \/>\n<meta property=\"og:type\" content=\"article\" \/>\n<meta property=\"og:title\" content=\"Services et instruments - AG Violins\" \/>\n<meta property=\"og:description\" content=\"Fabrication : Luthier du quatuor, sp\u00e9cialis\u00e9e dans la fabrication des violons, altos et violoncelles, je suis \u00e0 votre disposition pour cr\u00e9er l\u2019instrument qui vous ressemble. Entretien, r\u00e9parations et restauration :&nbsp; L\u2019entretien r\u00e9gulier de votre instrument lui assure long\u00e9vit\u00e9 et qualit\u00e9 de la sonorit\u00e9. Petit accident ou gros dommage, nous nous [&hellip;]\" \/>\n<meta property=\"og:url\" content=\"https:\/\/www.luthierduquatuor.fr\/en\/mes-metiers\/\" \/>\n<meta property=\"og:site_name\" content=\"AG Violins\" \/>\n<meta property=\"article:publisher\" content=\"https:\/\/www.facebook.com\/luthierduquatuor\/\" \/>\n<meta property=\"article:modified_time\" content=\"2021-05-27T09:02:16+00:00\" \/>\n<meta property=\"og:image\" content=\"https:\/\/www.luthierduquatuor.fr\/wp-content\/uploads\/2020\/05\/violon-gassin-2013-5-scaled.jpg\" \/>\n\t<meta property=\"og:image:width\" content=\"2560\" \/>\n\t<meta property=\"og:image:height\" content=\"1707\" \/>\n\t<meta property=\"og:image:type\" content=\"image\/jpeg\" \/>\n<meta name=\"twitter:card\" content=\"summary_large_image\" \/>\n<meta name=\"twitter:site\" content=\"@AnaisGassin\" \/>\n<meta name=\"twitter:label1\" content=\"Estimated reading time\" \/>\n\t<meta name=\"twitter:data1\" content=\"1 minute\" \/>\n<script type=\"application\/ld+json\" class=\"yoast-schema-graph\">{\"@context\":\"https:\\\/\\\/schema.org\",\"@graph\":[{\"@type\":\"WebPage\",\"@id\":\"https:\\\/\\\/www.luthierduquatuor.fr\\\/mes-metiers\\\/\",\"url\":\"https:\\\/\\\/www.luthierduquatuor.fr\\\/mes-metiers\\\/\",\"name\":\"Services et instruments - AG Violins\",\"isPartOf\":{\"@id\":\"https:\\\/\\\/www.luthierduquatuor.fr\\\/en\\\/#website\"},\"primaryImageOfPage\":{\"@id\":\"https:\\\/\\\/www.luthierduquatuor.fr\\\/mes-metiers\\\/#primaryimage\"},\"image\":{\"@id\":\"https:\\\/\\\/www.luthierduquatuor.fr\\\/mes-metiers\\\/#primaryimage\"},\"thumbnailUrl\":\"https:\\\/\\\/i0.wp.com\\\/www.luthierduquatuor.fr\\\/wp-content\\\/uploads\\\/2020\\\/05\\\/violon-gassin-2013-5-scaled.jpg?fit=2560%2C1707&ssl=1\",\"datePublished\":\"2013-12-01T09:56:07+00:00\",\"dateModified\":\"2021-05-27T09:02:16+00:00\",\"breadcrumb\":{\"@id\":\"https:\\\/\\\/www.luthierduquatuor.fr\\\/mes-metiers\\\/#breadcrumb\"},\"inLanguage\":\"en-GB\",\"potentialAction\":[{\"@type\":\"ReadAction\",\"target\":[\"https:\\\/\\\/www.luthierduquatuor.fr\\\/mes-metiers\\\/\"]}]},{\"@type\":\"ImageObject\",\"inLanguage\":\"en-GB\",\"@id\":\"https:\\\/\\\/www.luthierduquatuor.fr\\\/mes-metiers\\\/#primaryimage\",\"url\":\"https:\\\/\\\/i0.wp.com\\\/www.luthierduquatuor.fr\\\/wp-content\\\/uploads\\\/2020\\\/05\\\/violon-gassin-2013-5-scaled.jpg?fit=2560%2C1707&ssl=1\",\"contentUrl\":\"https:\\\/\\\/i0.wp.com\\\/www.luthierduquatuor.fr\\\/wp-content\\\/uploads\\\/2020\\\/05\\\/violon-gassin-2013-5-scaled.jpg?fit=2560%2C1707&ssl=1\",\"width\":2560,\"height\":1707},{\"@type\":\"BreadcrumbList\",\"@id\":\"https:\\\/\\\/www.luthierduquatuor.fr\\\/mes-metiers\\\/#breadcrumb\",\"itemListElement\":[{\"@type\":\"ListItem\",\"position\":1,\"name\":\"Home\",\"item\":\"https:\\\/\\\/www.luthierduquatuor.fr\\\/en\\\/\"},{\"@type\":\"ListItem\",\"position\":2,\"name\":\"Services et instruments\"}]},{\"@type\":\"WebSite\",\"@id\":\"https:\\\/\\\/www.luthierduquatuor.fr\\\/en\\\/#website\",\"url\":\"https:\\\/\\\/www.luthierduquatuor.fr\\\/en\\\/\",\"name\":\"AG Violins\",\"description\":\"Ana\u00efs Gassin - Luthier du quatuor\",\"publisher\":{\"@id\":\"https:\\\/\\\/www.luthierduquatuor.fr\\\/en\\\/#organization\"},\"potentialAction\":[{\"@type\":\"SearchAction\",\"target\":{\"@type\":\"EntryPoint\",\"urlTemplate\":\"https:\\\/\\\/www.luthierduquatuor.fr\\\/en\\\/?s={search_term_string}\"},\"query-input\":{\"@type\":\"PropertyValueSpecification\",\"valueRequired\":true,\"valueName\":\"search_term_string\"}}],\"inLanguage\":\"en-GB\"},{\"@type\":\"Organization\",\"@id\":\"https:\\\/\\\/www.luthierduquatuor.fr\\\/en\\\/#organization\",\"name\":\"AG Violins\",\"url\":\"https:\\\/\\\/www.luthierduquatuor.fr\\\/en\\\/\",\"logo\":{\"@type\":\"ImageObject\",\"inLanguage\":\"en-GB\",\"@id\":\"https:\\\/\\\/www.luthierduquatuor.fr\\\/en\\\/#\\\/schema\\\/logo\\\/image\\\/\",\"url\":\"https:\\\/\\\/www.luthierduquatuor.fr\\\/wp-content\\\/uploads\\\/2020\\\/05\\\/AG_Luthier-du-Quatuor.jpg\",\"contentUrl\":\"https:\\\/\\\/www.luthierduquatuor.fr\\\/wp-content\\\/uploads\\\/2020\\\/05\\\/AG_Luthier-du-Quatuor.jpg\",\"width\":480,\"height\":636,\"caption\":\"AG Violins\"},\"image\":{\"@id\":\"https:\\\/\\\/www.luthierduquatuor.fr\\\/en\\\/#\\\/schema\\\/logo\\\/image\\\/\"},\"sameAs\":[\"https:\\\/\\\/www.facebook.com\\\/luthierduquatuor\\\/\",\"https:\\\/\\\/x.com\\\/AnaisGassin\"]}]}<\/script>\n<!-- \/ Yoast SEO plugin. -->","yoast_head_json":{"title":"Services et instruments - AG Violins","robots":{"index":"index","follow":"follow","max-snippet":"max-snippet:-1","max-image-preview":"max-image-preview:large","max-video-preview":"max-video-preview:-1"},"canonical":"https:\/\/www.luthierduquatuor.fr\/en\/mes-metiers\/","og_locale":"en_GB","og_type":"article","og_title":"Services et instruments - AG Violins","og_description":"Fabrication : Luthier du quatuor, sp\u00e9cialis\u00e9e dans la fabrication des violons, altos et violoncelles, je suis \u00e0 votre disposition pour cr\u00e9er l\u2019instrument qui vous ressemble. Entretien, r\u00e9parations et restauration :&nbsp; L\u2019entretien r\u00e9gulier de votre instrument lui assure long\u00e9vit\u00e9 et qualit\u00e9 de la sonorit\u00e9. Petit accident ou gros dommage, nous nous [&hellip;]","og_url":"https:\/\/www.luthierduquatuor.fr\/en\/mes-metiers\/","og_site_name":"AG Violins","article_publisher":"https:\/\/www.facebook.com\/luthierduquatuor\/","article_modified_time":"2021-05-27T09:02:16+00:00","og_image":[{"width":2560,"height":1707,"url":"https:\/\/www.luthierduquatuor.fr\/wp-content\/uploads\/2020\/05\/violon-gassin-2013-5-scaled.jpg","type":"image\/jpeg"}],"twitter_card":"summary_large_image","twitter_site":"@AnaisGassin","twitter_misc":{"Estimated reading time":"1 minute"},"schema":{"@context":"https:\/\/schema.org","@graph":[{"@type":"WebPage","@id":"https:\/\/www.luthierduquatuor.fr\/mes-metiers\/","url":"https:\/\/www.luthierduquatuor.fr\/mes-metiers\/","name":"Services et instruments - AG Violins","isPartOf":{"@id":"https:\/\/www.luthierduquatuor.fr\/en\/#website"},"primaryImageOfPage":{"@id":"https:\/\/www.luthierduquatuor.fr\/mes-metiers\/#primaryimage"},"image":{"@id":"https:\/\/www.luthierduquatuor.fr\/mes-metiers\/#primaryimage"},"thumbnailUrl":"https:\/\/i0.wp.com\/www.luthierduquatuor.fr\/wp-content\/uploads\/2020\/05\/violon-gassin-2013-5-scaled.jpg?fit=2560%2C1707&ssl=1","datePublished":"2013-12-01T09:56:07+00:00","dateModified":"2021-05-27T09:02:16+00:00","breadcrumb":{"@id":"https:\/\/www.luthierduquatuor.fr\/mes-metiers\/#breadcrumb"},"inLanguage":"en-GB","potentialAction":[{"@type":"ReadAction","target":["https:\/\/www.luthierduquatuor.fr\/mes-metiers\/"]}]},{"@type":"ImageObject","inLanguage":"en-GB","@id":"https:\/\/www.luthierduquatuor.fr\/mes-metiers\/#primaryimage","url":"https:\/\/i0.wp.com\/www.luthierduquatuor.fr\/wp-content\/uploads\/2020\/05\/violon-gassin-2013-5-scaled.jpg?fit=2560%2C1707&ssl=1","contentUrl":"https:\/\/i0.wp.com\/www.luthierduquatuor.fr\/wp-content\/uploads\/2020\/05\/violon-gassin-2013-5-scaled.jpg?fit=2560%2C1707&ssl=1","width":2560,"height":1707},{"@type":"BreadcrumbList","@id":"https:\/\/www.luthierduquatuor.fr\/mes-metiers\/#breadcrumb","itemListElement":[{"@type":"ListItem","position":1,"name":"Home","item":"https:\/\/www.luthierduquatuor.fr\/en\/"},{"@type":"ListItem","position":2,"name":"Services et instruments"}]},{"@type":"WebSite","@id":"https:\/\/www.luthierduquatuor.fr\/en\/#website","url":"https:\/\/www.luthierduquatuor.fr\/en\/","name":"AG Violins","description":"Ana\u00efs Gassin - Luthier du quatuor","publisher":{"@id":"https:\/\/www.luthierduquatuor.fr\/en\/#organization"},"potentialAction":[{"@type":"SearchAction","target":{"@type":"EntryPoint","urlTemplate":"https:\/\/www.luthierduquatuor.fr\/en\/?s={search_term_string}"},"query-input":{"@type":"PropertyValueSpecification","valueRequired":true,"valueName":"search_term_string"}}],"inLanguage":"en-GB"},{"@type":"Organization","@id":"https:\/\/www.luthierduquatuor.fr\/en\/#organization","name":"AG Violins","url":"https:\/\/www.luthierduquatuor.fr\/en\/","logo":{"@type":"ImageObject","inLanguage":"en-GB","@id":"https:\/\/www.luthierduquatuor.fr\/en\/#\/schema\/logo\/image\/","url":"https:\/\/www.luthierduquatuor.fr\/wp-content\/uploads\/2020\/05\/AG_Luthier-du-Quatuor.jpg","contentUrl":"https:\/\/www.luthierduquatuor.fr\/wp-content\/uploads\/2020\/05\/AG_Luthier-du-Quatuor.jpg","width":480,"height":636,"caption":"AG Violins"},"image":{"@id":"https:\/\/www.luthierduquatuor.fr\/en\/#\/schema\/logo\/image\/"},"sameAs":["https:\/\/www.facebook.com\/luthierduquatuor\/","https:\/\/x.com\/AnaisGassin"]}]}},"jetpack_shortlink":"https:\/\/wp.me\/P3Qmw9-Ei","jetpack_sharing_enabled":true,"jetpack_likes_enabled":true,"jetpack-related-posts":[],"_links":{"self":[{"href":"http:\/\/www.luthierduquatuor.fr\/en\/wp-json\/wp\/v2\/pages\/2498","targetHints":{"allow":["GET"]}}],"collection":[{"href":"http:\/\/www.luthierduquatuor.fr\/en\/wp-json\/wp\/v2\/pages"}],"about":[{"href":"http:\/\/www.luthierduquatuor.fr\/en\/wp-json\/wp\/v2\/types\/page"}],"author":[{"embeddable":true,"href":"http:\/\/www.luthierduquatuor.fr\/en\/wp-json\/wp\/v2\/users\/1"}],"replies":[{"embeddable":true,"href":"http:\/\/www.luthierduquatuor.fr\/en\/wp-json\/wp\/v2\/comments?post=2498"}],"version-history":[{"count":0,"href":"http:\/\/www.luthierduquatuor.fr\/en\/wp-json\/wp\/v2\/pages\/2498\/revisions"}],"wp:featuredmedia":[{"embeddable":true,"href":"http:\/\/www.luthierduquatuor.fr\/en\/wp-json\/wp\/v2\/media\/3029"}],"wp:attachment":[{"href":"http:\/\/www.luthierduquatuor.fr\/en\/wp-json\/wp\/v2\/media?parent=2498"}],"curies":[{"name":"wp","href":"https:\/\/api.w.org\/{rel}","templated":true}]}}