{"id":308,"date":"2009-12-29T20:28:35","date_gmt":"2009-12-29T18:28:35","guid":{"rendered":"http:\/\/anaislutherie.wordpress.com\/?page_id=308"},"modified":"2013-02-20T13:51:50","modified_gmt":"2013-02-20T13:51:50","slug":"annuaire-lutherie","status":"publish","type":"page","link":"http:\/\/www.luthierduquatuor.fr\/en\/annuaire-lutherie\/","title":{"rendered":"Repertory"},"content":{"rendered":"<h6><a title=\"Annuaire-Documentationetrecherche\" href=\"http:\/\/www.luthierduquatuor.fr\/en\/annuaire-lutherie-ecole-recherche-documentation\/documentation-recherche-lutherie-acoustique\/\" target=\"_self\">Documents and research<\/a><\/h6>\n<p>Liens et coordonn\u00e9es des centre de recherche autour des instruments de musique ainsi que des m\u00e9diath\u00e8ques, phototh\u00e8ques&#8230;<\/p>\n<h6><a href=\"http:\/\/www.luthierduquatuor.fr\/en\/annuaire-lutherie-ecole-recherche-documentation\/ecoles-lutherie-facture-instrumentale\/\" target=\"_self\">Ecoles de lutherie<\/a><\/h6>\n<p>Liens et coordonn\u00e9es des \u00e9coles de facture instrumentale en Europe<\/p>\n<h6><a title=\"luthiers-archetiers\" href=\"http:\/\/www.luthierduquatuor.fr\/en\/luthiers-archetiers\/\" target=\"_self\">Violin makers and bow makers <\/a><\/h6>\n<p>Adresse et coordonn\u00e9es t\u00e9l\u00e9phoniques des luthiers en France et dans le monde.<\/p>\n<h6><a title=\"associations-luthiers\" href=\"http:\/\/www.luthierduquatuor.fr\/en\/annuaire-lutherie\/associations-luthiers-archetiers\/\" target=\"_self\">Violin makers associations<\/a><\/h6>\n<p>Adresse, coordonn\u00e9es t\u00e9l\u00e9phoniques et e-mails des diff\u00e9rentes associations dans le monde. Classement par pays.<\/p>\n<h6><a title=\"forums-musiciens\" href=\"http:\/\/www.luthierduquatuor.fr\/en\/forums-musiciens\/\" target=\"_self\">Musicians' forums<\/a><\/h6>\n<p>Liens vers les forums de musiciens<\/p>","protected":false},"excerpt":{"rendered":"<p>Documentation et Recherche Liens et coordonn\u00e9es des centre de recherche autour des instruments de musique ainsi que des m\u00e9diath\u00e8ques, phototh\u00e8ques&#8230; Ecoles de lutherie Liens et coordonn\u00e9es des \u00e9coles de facture instrumentale en Europe Luthiers et archetiers Adresse et coordonn\u00e9es t\u00e9l\u00e9phoniques des luthiers en France et dans le monde. Associations de [&hellip;]<\/p>\n","protected":false},"author":1,"featured_media":0,"parent":0,"menu_order":4,"comment_status":"closed","ping_status":"closed","template":"","meta":{"footnotes":""},"class_list":["post-308","page","type-page","status-publish","hentry"],"yoast_head":"<!-- This site is optimized with the Yoast SEO plugin v27.6 - https:\/\/yoast.com\/product\/yoast-seo-wordpress\/ -->\n<title>Annuaire - AG Violins<\/title>\n<meta name=\"robots\" content=\"index, follow, max-snippet:-1, max-image-preview:large, max-video-preview:-1\" \/>\n<link rel=\"canonical\" href=\"http:\/\/www.luthierduquatuor.fr\/en\/annuaire-lutherie\/\" \/>\n<meta property=\"og:locale\" content=\"en_GB\" \/>\n<meta property=\"og:type\" content=\"article\" \/>\n<meta property=\"og:title\" content=\"Annuaire - AG Violins\" \/>\n<meta property=\"og:description\" content=\"Documentation et Recherche Liens et coordonn\u00e9es des centre de recherche autour des instruments de musique ainsi que des m\u00e9diath\u00e8ques, phototh\u00e8ques&#8230; Ecoles de lutherie Liens et coordonn\u00e9es des \u00e9coles de facture instrumentale en Europe Luthiers et archetiers Adresse et coordonn\u00e9es t\u00e9l\u00e9phoniques des luthiers en France et dans le monde. Associations de [&hellip;]\" \/>\n<meta property=\"og:url\" content=\"http:\/\/www.luthierduquatuor.fr\/en\/annuaire-lutherie\/\" \/>\n<meta property=\"og:site_name\" content=\"AG Violins\" \/>\n<meta property=\"article:publisher\" content=\"https:\/\/www.facebook.com\/luthierduquatuor\/\" \/>\n<meta property=\"article:modified_time\" content=\"2013-02-20T13:51:50+00:00\" \/>\n<meta name=\"twitter:card\" content=\"summary_large_image\" \/>\n<meta name=\"twitter:site\" content=\"@AnaisGassin\" \/>\n<script type=\"application\/ld+json\" class=\"yoast-schema-graph\">{\"@context\":\"https:\\\/\\\/schema.org\",\"@graph\":[{\"@type\":\"WebPage\",\"@id\":\"http:\\\/\\\/www.luthierduquatuor.fr\\\/en\\\/annuaire-lutherie\\\/\",\"url\":\"http:\\\/\\\/www.luthierduquatuor.fr\\\/en\\\/annuaire-lutherie\\\/\",\"name\":\"Annuaire - AG Violins\",\"isPartOf\":{\"@id\":\"https:\\\/\\\/www.luthierduquatuor.fr\\\/en\\\/#website\"},\"datePublished\":\"2009-12-29T18:28:35+00:00\",\"dateModified\":\"2013-02-20T13:51:50+00:00\",\"breadcrumb\":{\"@id\":\"http:\\\/\\\/www.luthierduquatuor.fr\\\/en\\\/annuaire-lutherie\\\/#breadcrumb\"},\"inLanguage\":\"en-GB\",\"potentialAction\":[{\"@type\":\"ReadAction\",\"target\":[\"http:\\\/\\\/www.luthierduquatuor.fr\\\/en\\\/annuaire-lutherie\\\/\"]}]},{\"@type\":\"BreadcrumbList\",\"@id\":\"http:\\\/\\\/www.luthierduquatuor.fr\\\/en\\\/annuaire-lutherie\\\/#breadcrumb\",\"itemListElement\":[{\"@type\":\"ListItem\",\"position\":1,\"name\":\"Home\",\"item\":\"https:\\\/\\\/www.luthierduquatuor.fr\\\/en\\\/\"},{\"@type\":\"ListItem\",\"position\":2,\"name\":\"Annuaire\"}]},{\"@type\":\"WebSite\",\"@id\":\"https:\\\/\\\/www.luthierduquatuor.fr\\\/en\\\/#website\",\"url\":\"https:\\\/\\\/www.luthierduquatuor.fr\\\/en\\\/\",\"name\":\"AG Violins\",\"description\":\"Ana\u00efs Gassin - Luthier du quatuor\",\"publisher\":{\"@id\":\"https:\\\/\\\/www.luthierduquatuor.fr\\\/en\\\/#organization\"},\"potentialAction\":[{\"@type\":\"SearchAction\",\"target\":{\"@type\":\"EntryPoint\",\"urlTemplate\":\"https:\\\/\\\/www.luthierduquatuor.fr\\\/en\\\/?s={search_term_string}\"},\"query-input\":{\"@type\":\"PropertyValueSpecification\",\"valueRequired\":true,\"valueName\":\"search_term_string\"}}],\"inLanguage\":\"en-GB\"},{\"@type\":\"Organization\",\"@id\":\"https:\\\/\\\/www.luthierduquatuor.fr\\\/en\\\/#organization\",\"name\":\"AG Violins\",\"url\":\"https:\\\/\\\/www.luthierduquatuor.fr\\\/en\\\/\",\"logo\":{\"@type\":\"ImageObject\",\"inLanguage\":\"en-GB\",\"@id\":\"https:\\\/\\\/www.luthierduquatuor.fr\\\/en\\\/#\\\/schema\\\/logo\\\/image\\\/\",\"url\":\"https:\\\/\\\/www.luthierduquatuor.fr\\\/wp-content\\\/uploads\\\/2020\\\/05\\\/AG_Luthier-du-Quatuor.jpg\",\"contentUrl\":\"https:\\\/\\\/www.luthierduquatuor.fr\\\/wp-content\\\/uploads\\\/2020\\\/05\\\/AG_Luthier-du-Quatuor.jpg\",\"width\":480,\"height\":636,\"caption\":\"AG Violins\"},\"image\":{\"@id\":\"https:\\\/\\\/www.luthierduquatuor.fr\\\/en\\\/#\\\/schema\\\/logo\\\/image\\\/\"},\"sameAs\":[\"https:\\\/\\\/www.facebook.com\\\/luthierduquatuor\\\/\",\"https:\\\/\\\/x.com\\\/AnaisGassin\"]}]}<\/script>\n<!-- \/ Yoast SEO plugin. -->","yoast_head_json":{"title":"Annuaire - AG Violins","robots":{"index":"index","follow":"follow","max-snippet":"max-snippet:-1","max-image-preview":"max-image-preview:large","max-video-preview":"max-video-preview:-1"},"canonical":"http:\/\/www.luthierduquatuor.fr\/en\/annuaire-lutherie\/","og_locale":"en_GB","og_type":"article","og_title":"Annuaire - AG Violins","og_description":"Documentation et Recherche Liens et coordonn\u00e9es des centre de recherche autour des instruments de musique ainsi que des m\u00e9diath\u00e8ques, phototh\u00e8ques&#8230; Ecoles de lutherie Liens et coordonn\u00e9es des \u00e9coles de facture instrumentale en Europe Luthiers et archetiers Adresse et coordonn\u00e9es t\u00e9l\u00e9phoniques des luthiers en France et dans le monde. Associations de [&hellip;]","og_url":"http:\/\/www.luthierduquatuor.fr\/en\/annuaire-lutherie\/","og_site_name":"AG Violins","article_publisher":"https:\/\/www.facebook.com\/luthierduquatuor\/","article_modified_time":"2013-02-20T13:51:50+00:00","twitter_card":"summary_large_image","twitter_site":"@AnaisGassin","schema":{"@context":"https:\/\/schema.org","@graph":[{"@type":"WebPage","@id":"http:\/\/www.luthierduquatuor.fr\/en\/annuaire-lutherie\/","url":"http:\/\/www.luthierduquatuor.fr\/en\/annuaire-lutherie\/","name":"Annuaire - AG Violins","isPartOf":{"@id":"https:\/\/www.luthierduquatuor.fr\/en\/#website"},"datePublished":"2009-12-29T18:28:35+00:00","dateModified":"2013-02-20T13:51:50+00:00","breadcrumb":{"@id":"http:\/\/www.luthierduquatuor.fr\/en\/annuaire-lutherie\/#breadcrumb"},"inLanguage":"en-GB","potentialAction":[{"@type":"ReadAction","target":["http:\/\/www.luthierduquatuor.fr\/en\/annuaire-lutherie\/"]}]},{"@type":"BreadcrumbList","@id":"http:\/\/www.luthierduquatuor.fr\/en\/annuaire-lutherie\/#breadcrumb","itemListElement":[{"@type":"ListItem","position":1,"name":"Home","item":"https:\/\/www.luthierduquatuor.fr\/en\/"},{"@type":"ListItem","position":2,"name":"Annuaire"}]},{"@type":"WebSite","@id":"https:\/\/www.luthierduquatuor.fr\/en\/#website","url":"https:\/\/www.luthierduquatuor.fr\/en\/","name":"AG Violins","description":"Ana\u00efs Gassin - Luthier du quatuor","publisher":{"@id":"https:\/\/www.luthierduquatuor.fr\/en\/#organization"},"potentialAction":[{"@type":"SearchAction","target":{"@type":"EntryPoint","urlTemplate":"https:\/\/www.luthierduquatuor.fr\/en\/?s={search_term_string}"},"query-input":{"@type":"PropertyValueSpecification","valueRequired":true,"valueName":"search_term_string"}}],"inLanguage":"en-GB"},{"@type":"Organization","@id":"https:\/\/www.luthierduquatuor.fr\/en\/#organization","name":"AG Violins","url":"https:\/\/www.luthierduquatuor.fr\/en\/","logo":{"@type":"ImageObject","inLanguage":"en-GB","@id":"https:\/\/www.luthierduquatuor.fr\/en\/#\/schema\/logo\/image\/","url":"https:\/\/www.luthierduquatuor.fr\/wp-content\/uploads\/2020\/05\/AG_Luthier-du-Quatuor.jpg","contentUrl":"https:\/\/www.luthierduquatuor.fr\/wp-content\/uploads\/2020\/05\/AG_Luthier-du-Quatuor.jpg","width":480,"height":636,"caption":"AG Violins"},"image":{"@id":"https:\/\/www.luthierduquatuor.fr\/en\/#\/schema\/logo\/image\/"},"sameAs":["https:\/\/www.facebook.com\/luthierduquatuor\/","https:\/\/x.com\/AnaisGassin"]}]}},"jetpack_shortlink":"https:\/\/wp.me\/P3Qmw9-4Y","jetpack_sharing_enabled":true,"jetpack_likes_enabled":true,"jetpack-related-posts":[],"_links":{"self":[{"href":"http:\/\/www.luthierduquatuor.fr\/en\/wp-json\/wp\/v2\/pages\/308","targetHints":{"allow":["GET"]}}],"collection":[{"href":"http:\/\/www.luthierduquatuor.fr\/en\/wp-json\/wp\/v2\/pages"}],"about":[{"href":"http:\/\/www.luthierduquatuor.fr\/en\/wp-json\/wp\/v2\/types\/page"}],"author":[{"embeddable":true,"href":"http:\/\/www.luthierduquatuor.fr\/en\/wp-json\/wp\/v2\/users\/1"}],"replies":[{"embeddable":true,"href":"http:\/\/www.luthierduquatuor.fr\/en\/wp-json\/wp\/v2\/comments?post=308"}],"version-history":[{"count":0,"href":"http:\/\/www.luthierduquatuor.fr\/en\/wp-json\/wp\/v2\/pages\/308\/revisions"}],"wp:attachment":[{"href":"http:\/\/www.luthierduquatuor.fr\/en\/wp-json\/wp\/v2\/media?parent=308"}],"curies":[{"name":"wp","href":"https:\/\/api.w.org\/{rel}","templated":true}]}}