{"id":332,"date":"2009-12-30T15:39:11","date_gmt":"2009-12-30T14:39:11","guid":{"rendered":"http:\/\/anaislutherie.wordpress.com\/?page_id=332"},"modified":"2013-02-23T16:35:08","modified_gmt":"2013-02-23T16:35:08","slug":"ecoles-lutherie-facture-instrumentale","status":"publish","type":"page","link":"http:\/\/www.luthierduquatuor.fr\/en\/annuaire-lutherie\/ecoles-lutherie-facture-instrumentale\/","title":{"rendered":"Musical instrument making schools"},"content":{"rendered":"<h6><strong> <\/strong><a title=\"instruments-a-cordes-frottees\" href=\"http:\/\/www.luthierduquatuor.fr\/en\/annuaire-lutherie\/ecoles-lutherie-facture-instrumentale\/instruments-cordes-frottees-archet-violon-violoncelle-alto\/\" target=\"_self\">Instruments \u00e0 cordes frott\u00e9es :<\/a><\/h6>\n<p>lutherie et arch\u00e8terie<\/p>\n<h6><a title=\"autres-instruments\" href=\"http:\/\/www.luthierduquatuor.fr\/en\/annuaire-lutherie\/ecoles-lutherie-facture-instrumentale\/instruments-musique-piano-guitare-accordeon-vent-bois\/\" target=\"_self\">Autres instruments :<\/a><\/h6>\n<p>piano, accord\u00e9on, guitare, vents<\/p>\n<h6><strong><a><strong> <\/strong><\/a><strong><a title=\"retour_annuaire\" href=\"http:\/\/www.luthierduquatuor.fr\/en\/annuaire-lutherie\/\" target=\"_self\">&lt;- Retourner \u00e0 ANNUAIRE<\/a><\/strong><\/strong><\/h6>\n<p><strong><br \/>\n<a title=\"retour_annuaire\" href=\"http:\/\/anaislutherie.wordpress.com\/annuaire-lutherie\/\" target=\"_self\"><\/a><\/strong><\/p>","protected":false},"excerpt":{"rendered":"<p>Instruments \u00e0 cordes frott\u00e9es : lutherie et arch\u00e8terie Autres instruments : piano, accord\u00e9on, guitare, vents &lt;- Retourner \u00e0 ANNUAIRE<\/p>","protected":false},"author":1,"featured_media":0,"parent":308,"menu_order":0,"comment_status":"closed","ping_status":"closed","template":"","meta":{"footnotes":""},"class_list":["post-332","page","type-page","status-publish","hentry"],"yoast_head":"<!-- This site is optimized with the Yoast SEO plugin v27.6 - https:\/\/yoast.com\/product\/yoast-seo-wordpress\/ -->\n<title>Ecoles de facture instrumentale - AG Violins<\/title>\n<meta name=\"robots\" content=\"index, follow, max-snippet:-1, max-image-preview:large, max-video-preview:-1\" \/>\n<link rel=\"canonical\" href=\"http:\/\/www.luthierduquatuor.fr\/en\/annuaire-lutherie\/ecoles-lutherie-facture-instrumentale\/\" \/>\n<meta property=\"og:locale\" content=\"en_GB\" \/>\n<meta property=\"og:type\" content=\"article\" \/>\n<meta property=\"og:title\" content=\"Ecoles de facture instrumentale - AG Violins\" \/>\n<meta property=\"og:description\" content=\"Instruments \u00e0 cordes frott\u00e9es : lutherie et arch\u00e8terie Autres instruments : piano, accord\u00e9on, guitare, vents &lt;- Retourner \u00e0 ANNUAIRE\" \/>\n<meta property=\"og:url\" content=\"http:\/\/www.luthierduquatuor.fr\/en\/annuaire-lutherie\/ecoles-lutherie-facture-instrumentale\/\" \/>\n<meta property=\"og:site_name\" content=\"AG Violins\" \/>\n<meta property=\"article:publisher\" content=\"https:\/\/www.facebook.com\/luthierduquatuor\/\" \/>\n<meta property=\"article:modified_time\" content=\"2013-02-23T16:35:08+00:00\" \/>\n<meta name=\"twitter:card\" content=\"summary_large_image\" \/>\n<meta name=\"twitter:site\" content=\"@AnaisGassin\" \/>\n<script type=\"application\/ld+json\" class=\"yoast-schema-graph\">{\"@context\":\"https:\\\/\\\/schema.org\",\"@graph\":[{\"@type\":\"WebPage\",\"@id\":\"http:\\\/\\\/www.luthierduquatuor.fr\\\/en\\\/annuaire-lutherie\\\/ecoles-lutherie-facture-instrumentale\\\/\",\"url\":\"http:\\\/\\\/www.luthierduquatuor.fr\\\/en\\\/annuaire-lutherie\\\/ecoles-lutherie-facture-instrumentale\\\/\",\"name\":\"Ecoles de facture instrumentale - AG Violins\",\"isPartOf\":{\"@id\":\"https:\\\/\\\/www.luthierduquatuor.fr\\\/en\\\/#website\"},\"datePublished\":\"2009-12-30T14:39:11+00:00\",\"dateModified\":\"2013-02-23T16:35:08+00:00\",\"breadcrumb\":{\"@id\":\"http:\\\/\\\/www.luthierduquatuor.fr\\\/en\\\/annuaire-lutherie\\\/ecoles-lutherie-facture-instrumentale\\\/#breadcrumb\"},\"inLanguage\":\"en-GB\",\"potentialAction\":[{\"@type\":\"ReadAction\",\"target\":[\"http:\\\/\\\/www.luthierduquatuor.fr\\\/en\\\/annuaire-lutherie\\\/ecoles-lutherie-facture-instrumentale\\\/\"]}]},{\"@type\":\"BreadcrumbList\",\"@id\":\"http:\\\/\\\/www.luthierduquatuor.fr\\\/en\\\/annuaire-lutherie\\\/ecoles-lutherie-facture-instrumentale\\\/#breadcrumb\",\"itemListElement\":[{\"@type\":\"ListItem\",\"position\":1,\"name\":\"Home\",\"item\":\"https:\\\/\\\/www.luthierduquatuor.fr\\\/en\\\/\"},{\"@type\":\"ListItem\",\"position\":2,\"name\":\"Annuaire\",\"item\":\"http:\\\/\\\/www.luthierduquatuor.fr\\\/en\\\/annuaire-lutherie\\\/\"},{\"@type\":\"ListItem\",\"position\":3,\"name\":\"Ecoles de facture instrumentale\"}]},{\"@type\":\"WebSite\",\"@id\":\"https:\\\/\\\/www.luthierduquatuor.fr\\\/en\\\/#website\",\"url\":\"https:\\\/\\\/www.luthierduquatuor.fr\\\/en\\\/\",\"name\":\"AG Violins\",\"description\":\"Ana\u00efs Gassin - Luthier du quatuor\",\"publisher\":{\"@id\":\"https:\\\/\\\/www.luthierduquatuor.fr\\\/en\\\/#organization\"},\"potentialAction\":[{\"@type\":\"SearchAction\",\"target\":{\"@type\":\"EntryPoint\",\"urlTemplate\":\"https:\\\/\\\/www.luthierduquatuor.fr\\\/en\\\/?s={search_term_string}\"},\"query-input\":{\"@type\":\"PropertyValueSpecification\",\"valueRequired\":true,\"valueName\":\"search_term_string\"}}],\"inLanguage\":\"en-GB\"},{\"@type\":\"Organization\",\"@id\":\"https:\\\/\\\/www.luthierduquatuor.fr\\\/en\\\/#organization\",\"name\":\"AG Violins\",\"url\":\"https:\\\/\\\/www.luthierduquatuor.fr\\\/en\\\/\",\"logo\":{\"@type\":\"ImageObject\",\"inLanguage\":\"en-GB\",\"@id\":\"https:\\\/\\\/www.luthierduquatuor.fr\\\/en\\\/#\\\/schema\\\/logo\\\/image\\\/\",\"url\":\"https:\\\/\\\/www.luthierduquatuor.fr\\\/wp-content\\\/uploads\\\/2020\\\/05\\\/AG_Luthier-du-Quatuor.jpg\",\"contentUrl\":\"https:\\\/\\\/www.luthierduquatuor.fr\\\/wp-content\\\/uploads\\\/2020\\\/05\\\/AG_Luthier-du-Quatuor.jpg\",\"width\":480,\"height\":636,\"caption\":\"AG Violins\"},\"image\":{\"@id\":\"https:\\\/\\\/www.luthierduquatuor.fr\\\/en\\\/#\\\/schema\\\/logo\\\/image\\\/\"},\"sameAs\":[\"https:\\\/\\\/www.facebook.com\\\/luthierduquatuor\\\/\",\"https:\\\/\\\/x.com\\\/AnaisGassin\"]}]}<\/script>\n<!-- \/ Yoast SEO plugin. -->","yoast_head_json":{"title":"Ecoles de facture instrumentale - AG Violins","robots":{"index":"index","follow":"follow","max-snippet":"max-snippet:-1","max-image-preview":"max-image-preview:large","max-video-preview":"max-video-preview:-1"},"canonical":"http:\/\/www.luthierduquatuor.fr\/en\/annuaire-lutherie\/ecoles-lutherie-facture-instrumentale\/","og_locale":"en_GB","og_type":"article","og_title":"Ecoles de facture instrumentale - AG Violins","og_description":"Instruments \u00e0 cordes frott\u00e9es : lutherie et arch\u00e8terie Autres instruments : piano, accord\u00e9on, guitare, vents &lt;- Retourner \u00e0 ANNUAIRE","og_url":"http:\/\/www.luthierduquatuor.fr\/en\/annuaire-lutherie\/ecoles-lutherie-facture-instrumentale\/","og_site_name":"AG Violins","article_publisher":"https:\/\/www.facebook.com\/luthierduquatuor\/","article_modified_time":"2013-02-23T16:35:08+00:00","twitter_card":"summary_large_image","twitter_site":"@AnaisGassin","schema":{"@context":"https:\/\/schema.org","@graph":[{"@type":"WebPage","@id":"http:\/\/www.luthierduquatuor.fr\/en\/annuaire-lutherie\/ecoles-lutherie-facture-instrumentale\/","url":"http:\/\/www.luthierduquatuor.fr\/en\/annuaire-lutherie\/ecoles-lutherie-facture-instrumentale\/","name":"Ecoles de facture instrumentale - AG Violins","isPartOf":{"@id":"https:\/\/www.luthierduquatuor.fr\/en\/#website"},"datePublished":"2009-12-30T14:39:11+00:00","dateModified":"2013-02-23T16:35:08+00:00","breadcrumb":{"@id":"http:\/\/www.luthierduquatuor.fr\/en\/annuaire-lutherie\/ecoles-lutherie-facture-instrumentale\/#breadcrumb"},"inLanguage":"en-GB","potentialAction":[{"@type":"ReadAction","target":["http:\/\/www.luthierduquatuor.fr\/en\/annuaire-lutherie\/ecoles-lutherie-facture-instrumentale\/"]}]},{"@type":"BreadcrumbList","@id":"http:\/\/www.luthierduquatuor.fr\/en\/annuaire-lutherie\/ecoles-lutherie-facture-instrumentale\/#breadcrumb","itemListElement":[{"@type":"ListItem","position":1,"name":"Home","item":"https:\/\/www.luthierduquatuor.fr\/en\/"},{"@type":"ListItem","position":2,"name":"Annuaire","item":"http:\/\/www.luthierduquatuor.fr\/en\/annuaire-lutherie\/"},{"@type":"ListItem","position":3,"name":"Ecoles de facture instrumentale"}]},{"@type":"WebSite","@id":"https:\/\/www.luthierduquatuor.fr\/en\/#website","url":"https:\/\/www.luthierduquatuor.fr\/en\/","name":"AG Violins","description":"Ana\u00efs Gassin - Luthier du quatuor","publisher":{"@id":"https:\/\/www.luthierduquatuor.fr\/en\/#organization"},"potentialAction":[{"@type":"SearchAction","target":{"@type":"EntryPoint","urlTemplate":"https:\/\/www.luthierduquatuor.fr\/en\/?s={search_term_string}"},"query-input":{"@type":"PropertyValueSpecification","valueRequired":true,"valueName":"search_term_string"}}],"inLanguage":"en-GB"},{"@type":"Organization","@id":"https:\/\/www.luthierduquatuor.fr\/en\/#organization","name":"AG Violins","url":"https:\/\/www.luthierduquatuor.fr\/en\/","logo":{"@type":"ImageObject","inLanguage":"en-GB","@id":"https:\/\/www.luthierduquatuor.fr\/en\/#\/schema\/logo\/image\/","url":"https:\/\/www.luthierduquatuor.fr\/wp-content\/uploads\/2020\/05\/AG_Luthier-du-Quatuor.jpg","contentUrl":"https:\/\/www.luthierduquatuor.fr\/wp-content\/uploads\/2020\/05\/AG_Luthier-du-Quatuor.jpg","width":480,"height":636,"caption":"AG Violins"},"image":{"@id":"https:\/\/www.luthierduquatuor.fr\/en\/#\/schema\/logo\/image\/"},"sameAs":["https:\/\/www.facebook.com\/luthierduquatuor\/","https:\/\/x.com\/AnaisGassin"]}]}},"jetpack_shortlink":"https:\/\/wp.me\/P3Qmw9-5m","jetpack_sharing_enabled":true,"jetpack_likes_enabled":true,"jetpack-related-posts":[],"_links":{"self":[{"href":"http:\/\/www.luthierduquatuor.fr\/en\/wp-json\/wp\/v2\/pages\/332","targetHints":{"allow":["GET"]}}],"collection":[{"href":"http:\/\/www.luthierduquatuor.fr\/en\/wp-json\/wp\/v2\/pages"}],"about":[{"href":"http:\/\/www.luthierduquatuor.fr\/en\/wp-json\/wp\/v2\/types\/page"}],"author":[{"embeddable":true,"href":"http:\/\/www.luthierduquatuor.fr\/en\/wp-json\/wp\/v2\/users\/1"}],"replies":[{"embeddable":true,"href":"http:\/\/www.luthierduquatuor.fr\/en\/wp-json\/wp\/v2\/comments?post=332"}],"version-history":[{"count":0,"href":"http:\/\/www.luthierduquatuor.fr\/en\/wp-json\/wp\/v2\/pages\/332\/revisions"}],"up":[{"embeddable":true,"href":"http:\/\/www.luthierduquatuor.fr\/en\/wp-json\/wp\/v2\/pages\/308"}],"wp:attachment":[{"href":"http:\/\/www.luthierduquatuor.fr\/en\/wp-json\/wp\/v2\/media?parent=332"}],"curies":[{"name":"wp","href":"https:\/\/api.w.org\/{rel}","templated":true}]}}