{"id":340,"date":"2009-12-30T17:45:18","date_gmt":"2009-12-30T16:45:18","guid":{"rendered":"http:\/\/anaislutherie.wordpress.com\/?page_id=340"},"modified":"2013-02-23T22:08:45","modified_gmt":"2013-02-23T22:08:45","slug":"instruments-cordes-frottees-archet-violon-violoncelle-alto","status":"publish","type":"page","link":"http:\/\/www.luthierduquatuor.fr\/en\/annuaire-lutherie\/ecoles-lutherie-facture-instrumentale\/instruments-cordes-frottees-archet-violon-violoncelle-alto\/","title":{"rendered":"Bow instruments"},"content":{"rendered":"<h6><a title=\"bottegadiparma\" href=\"http:\/\/www.bottegadiparma.com\/\" target=\"_blank\">Bottega di parma<\/a><\/h6>\n<p>Formation \u00e0 temps plein<\/p>\n<p>via Trieste, 84 43100 Parma Italie<br \/>\ntel. 0039 0521 27 30 20<br \/>\n<a href=\"mailto:info@bottegadiparma.com\">info@bottegadiparma.com<\/a><\/p>\n<h6><a title=\"IPIALL\" href=\"http:\/\/www.scuoladiliuteria.com\" target=\"_blank\">IPIALL Antonio Stradivari<\/a><\/h6>\n<p>Formation \u00e0 temps plein<\/p>\n<p>Corso Garibaldi 178<br \/>\n26100 &#8211; Cremona &#8211; Italia<\/p>\n<p>Telefono:0039 0372 38689<br \/>\nFax:0039 0372 800233<br \/>\ne-mail: <a href=\"mailto:info@scuoladiliuteria.com\">info@ipiall.it<\/a><br \/>\n<a href=\"mailto:iscrizioni@scuoladiliuteria.com\">iscrizioni@scuoladiliuteria.com<\/a><\/p>\n<h6><a title=\"Ecole-Mirecourt\" href=\"http:\/\/www.ac-nancy-metz.fr\/pres-etab\/Vuillaume\/poirot\/1slorraine\/lutherie\/\" target=\"_blank\">Ecole nationale de lutherie lyc\u00e9e J-B Vuillaume<\/a><\/h6>\n<p>Formation \u00e0 temps plein<\/p>\n<p>5, avenue Graillet\u00a0 \u00a0BP 109\u00a0 \u00a0F &#8211; 88503 Mirecourt Cedex (France)<br \/>\nTel. : 33 (0)3 29 37 06 33\u00a0 \u00a0 \u00a0Fax. : 33 (0)3 29 37 18 97<\/p>\n<h6><a title=\"Mittenwald\" href=\"http:\/\/www.instrumentenbauschule.eu\/willkommen.html\" target=\"_blank\">Staatliche Berufsfachschule Mittenwald<\/a><\/h6>\n<p>=&gt;<a title=\"geigenbau\" href=\"http:\/\/www.instrumentenbauschule.eu\/geigenbau.html\" target=\"_blank\"> luthier<\/a>and <a title=\"bogenbau\" href=\"http:\/\/www.instrumentenbauschule.eu\/bogenbau.html\" target=\"_blank\">archetier<\/a><\/p>\n<p>Formation en temps plein ou en apprentissage<strong><br \/>\n<\/strong><\/p>\n<p>Staatliche Berufsschule und<br \/>\nBerufsfachschule Mittenwald<br \/>\nPartenkirchner Stra\u00dfe 24<br \/>\nD-82481 Mittenwald Allemagne<br \/>\nTelefon+49 8823 1353<br \/>\nE-Mail: <a href=\"mailto:info@instrumentenbauschule.eu\">info@instrumentenbauschule.eu<\/a><br \/>\nTelefax +49 8823 4491<\/p>\n<h6><a title=\"Newark\" href=\"http:\/\/www.lincolncollege.ac.uk\/courses\/violin-instrument-making-and-repair\" target=\"_blank\">Newark and Sherwood College<\/a><\/h6>\n<p>Formation \u00e0 temps plein<\/p>\n<p>Newark College<br \/>\nFriary Road Newark Nottinghamshire<br \/>\nNG24 1PB Angleterre<br \/>\nTel: 01636 680680<br \/>\nFax: 01636 680681<br \/>\nEmail: <a href=\"mailto:enquiries@newark.ac.uk\">enquiries@newark.ac.uk<\/a><br \/>\nContact School: School of Sport, Media and the Arts<br \/>\nContact Number: 00 44 (0)1522 876394<br \/>\nContact Email: <a href=\"mailto:jhyde@lincolncollege.ac.uk\">jhyde@lincolncollege.ac.uk<\/a><\/p>\n<h6><a title=\"ecole-lutherie-milan\" href=\"http:\/\/www.civicascuoladiliuteria.it\" target=\"_blank\">Civica Scuola di Liuteria<\/a><\/h6>\n<p>Formation \u00e0 la lutherie \u00e0 temps plein avec cours d&rsquo;arch\u00e8terie optionnel<\/p>\n<p>Via Noto 4- 20141 Milano Italie<br \/>\ntel. +39 0257409945<br \/>\nfax. +39 0257402838<br \/>\nemail:info@civicascuoladiliuteria.it<\/p>\n<h6><a title=\"west-dean\" href=\"http:\/\/www.westdean.org.uk\/CollegeChannel\/FullTimeCourses\/Diplomas\/Making\/StringedMusicalInstruments.aspx\" target=\"_blank\">West Dean College<\/a><\/h6>\n<p>Ax\u00e9 principalement sur la fabrication des instruments de la renaissance et baroques.<\/p>\n<p>West Dean<br \/>\nNr Chichester<br \/>\nWest Sussex<br \/>\nPO18 0QZ Angleterre<br \/>\nTelephone: +44 (0)1243 818208 or 811301<br \/>\nEmail: <a href=\"mailto:diplomas@westdean.org.uk\">diplomas@westdean.org.uk<\/a><\/p>\n<h6><a title=\"ecole-lutherie-quebec\" href=\"http:\/\/www.ecolenationaledelutherie.com\/\" target=\"_blank\">\u00a0Ecole nationale de lutherie (Qu\u00e9bec) :<\/a><\/h6>\n<p>Centre de formation et de consultation en m\u00e9tiers d&rsquo;art \u2013 C\u00e9gep Limoilou<br \/>\nPavillon des m\u00e9tiers d\u2019art<br \/>\n299, 3e Avenue<br \/>\nQu\u00e9bec (Qu\u00e9bec)<br \/>\nG1L 2V7<br \/>\nT\u00e9l\u00e9phone : 418-647-0567<br \/>\nT\u00e9l\u00e9copieur : 418-647-4880<br \/>\nCourriel :<br \/>\nJean-Louis Bouchard, directeur :jlbouchard@metierdart.com<br \/>\nBlanche L\u00e9onard, coordonnatrice : bleonard@metierdart.com<\/p>\n<h6><strong><strong><strong><strong><a title=\"retour_ecoles-lutherie-facture-instrumentale\" href=\"http:\/\/www.luthierduquatuor.fr\/en\/annuaire-lutherie\/ecoles-lutherie-facture-instrumentale\/\" target=\"_self\">&lt;- Retourner \u00e0 ECOLES DE FACTURE INSTRUMENTALE<br \/>\n<\/a><\/strong><\/strong><\/strong><\/strong><\/h6>","protected":false},"excerpt":{"rendered":"<p>Bottega di parma Formation \u00e0 temps plein via Trieste, 84 43100 Parma Italie tel. 0039 0521 27 30 20 info@bottegadiparma.com IPIALL Antonio Stradivari Formation \u00e0 temps plein Corso Garibaldi 178 26100 &#8211; Cremona &#8211; Italia Telefono:0039 0372 38689 Fax:0039 0372 800233 e-mail: info@ipiall.it iscrizioni@scuoladiliuteria.com Ecole nationale de lutherie lyc\u00e9e J-B [&hellip;]<\/p>\n","protected":false},"author":1,"featured_media":0,"parent":332,"menu_order":1,"comment_status":"closed","ping_status":"closed","template":"","meta":{"footnotes":""},"class_list":["post-340","page","type-page","status-publish","hentry"],"yoast_head":"<!-- This site is optimized with the Yoast SEO plugin v27.4 - https:\/\/yoast.com\/product\/yoast-seo-wordpress\/ -->\n<title>Instruments \u00e0 cordes frott\u00e9es - AG Violins<\/title>\n<meta name=\"robots\" content=\"index, follow, max-snippet:-1, max-image-preview:large, max-video-preview:-1\" \/>\n<link rel=\"canonical\" href=\"http:\/\/www.luthierduquatuor.fr\/en\/annuaire-lutherie\/ecoles-lutherie-facture-instrumentale\/instruments-cordes-frottees-archet-violon-violoncelle-alto\/\" \/>\n<meta property=\"og:locale\" content=\"en_GB\" \/>\n<meta property=\"og:type\" content=\"article\" \/>\n<meta property=\"og:title\" content=\"Instruments \u00e0 cordes frott\u00e9es - AG Violins\" \/>\n<meta property=\"og:description\" content=\"Bottega di parma Formation \u00e0 temps plein via Trieste, 84 43100 Parma Italie tel. 0039 0521 27 30 20 info@bottegadiparma.com IPIALL Antonio Stradivari Formation \u00e0 temps plein Corso Garibaldi 178 26100 &#8211; Cremona &#8211; Italia Telefono:0039 0372 38689 Fax:0039 0372 800233 e-mail: info@ipiall.it iscrizioni@scuoladiliuteria.com Ecole nationale de lutherie lyc\u00e9e J-B [&hellip;]\" \/>\n<meta property=\"og:url\" content=\"http:\/\/www.luthierduquatuor.fr\/en\/annuaire-lutherie\/ecoles-lutherie-facture-instrumentale\/instruments-cordes-frottees-archet-violon-violoncelle-alto\/\" \/>\n<meta property=\"og:site_name\" content=\"AG Violins\" \/>\n<meta property=\"article:publisher\" content=\"https:\/\/www.facebook.com\/luthierduquatuor\/\" \/>\n<meta property=\"article:modified_time\" content=\"2013-02-23T22:08:45+00:00\" \/>\n<meta name=\"twitter:card\" content=\"summary_large_image\" \/>\n<meta name=\"twitter:site\" content=\"@AnaisGassin\" \/>\n<meta name=\"twitter:label1\" content=\"Estimated reading time\" \/>\n\t<meta name=\"twitter:data1\" content=\"1 minute\" \/>\n<script type=\"application\/ld+json\" class=\"yoast-schema-graph\">{\"@context\":\"https:\\\/\\\/schema.org\",\"@graph\":[{\"@type\":\"WebPage\",\"@id\":\"http:\\\/\\\/www.luthierduquatuor.fr\\\/en\\\/annuaire-lutherie\\\/ecoles-lutherie-facture-instrumentale\\\/instruments-cordes-frottees-archet-violon-violoncelle-alto\\\/\",\"url\":\"http:\\\/\\\/www.luthierduquatuor.fr\\\/en\\\/annuaire-lutherie\\\/ecoles-lutherie-facture-instrumentale\\\/instruments-cordes-frottees-archet-violon-violoncelle-alto\\\/\",\"name\":\"Instruments \u00e0 cordes frott\u00e9es - AG Violins\",\"isPartOf\":{\"@id\":\"https:\\\/\\\/www.luthierduquatuor.fr\\\/en\\\/#website\"},\"datePublished\":\"2009-12-30T16:45:18+00:00\",\"dateModified\":\"2013-02-23T22:08:45+00:00\",\"breadcrumb\":{\"@id\":\"http:\\\/\\\/www.luthierduquatuor.fr\\\/en\\\/annuaire-lutherie\\\/ecoles-lutherie-facture-instrumentale\\\/instruments-cordes-frottees-archet-violon-violoncelle-alto\\\/#breadcrumb\"},\"inLanguage\":\"en-GB\",\"potentialAction\":[{\"@type\":\"ReadAction\",\"target\":[\"http:\\\/\\\/www.luthierduquatuor.fr\\\/en\\\/annuaire-lutherie\\\/ecoles-lutherie-facture-instrumentale\\\/instruments-cordes-frottees-archet-violon-violoncelle-alto\\\/\"]}]},{\"@type\":\"BreadcrumbList\",\"@id\":\"http:\\\/\\\/www.luthierduquatuor.fr\\\/en\\\/annuaire-lutherie\\\/ecoles-lutherie-facture-instrumentale\\\/instruments-cordes-frottees-archet-violon-violoncelle-alto\\\/#breadcrumb\",\"itemListElement\":[{\"@type\":\"ListItem\",\"position\":1,\"name\":\"Home\",\"item\":\"https:\\\/\\\/www.luthierduquatuor.fr\\\/en\\\/\"},{\"@type\":\"ListItem\",\"position\":2,\"name\":\"Annuaire\",\"item\":\"http:\\\/\\\/www.luthierduquatuor.fr\\\/en\\\/annuaire-lutherie\\\/\"},{\"@type\":\"ListItem\",\"position\":3,\"name\":\"Ecoles de facture instrumentale\",\"item\":\"http:\\\/\\\/www.luthierduquatuor.fr\\\/en\\\/annuaire-lutherie\\\/ecoles-lutherie-facture-instrumentale\\\/\"},{\"@type\":\"ListItem\",\"position\":4,\"name\":\"Instruments \u00e0 cordes frott\u00e9es\"}]},{\"@type\":\"WebSite\",\"@id\":\"https:\\\/\\\/www.luthierduquatuor.fr\\\/en\\\/#website\",\"url\":\"https:\\\/\\\/www.luthierduquatuor.fr\\\/en\\\/\",\"name\":\"AG Violins\",\"description\":\"Ana\u00efs Gassin - Luthier du quatuor\",\"publisher\":{\"@id\":\"https:\\\/\\\/www.luthierduquatuor.fr\\\/en\\\/#organization\"},\"potentialAction\":[{\"@type\":\"SearchAction\",\"target\":{\"@type\":\"EntryPoint\",\"urlTemplate\":\"https:\\\/\\\/www.luthierduquatuor.fr\\\/en\\\/?s={search_term_string}\"},\"query-input\":{\"@type\":\"PropertyValueSpecification\",\"valueRequired\":true,\"valueName\":\"search_term_string\"}}],\"inLanguage\":\"en-GB\"},{\"@type\":\"Organization\",\"@id\":\"https:\\\/\\\/www.luthierduquatuor.fr\\\/en\\\/#organization\",\"name\":\"AG Violins\",\"url\":\"https:\\\/\\\/www.luthierduquatuor.fr\\\/en\\\/\",\"logo\":{\"@type\":\"ImageObject\",\"inLanguage\":\"en-GB\",\"@id\":\"https:\\\/\\\/www.luthierduquatuor.fr\\\/en\\\/#\\\/schema\\\/logo\\\/image\\\/\",\"url\":\"https:\\\/\\\/www.luthierduquatuor.fr\\\/wp-content\\\/uploads\\\/2020\\\/05\\\/AG_Luthier-du-Quatuor.jpg\",\"contentUrl\":\"https:\\\/\\\/www.luthierduquatuor.fr\\\/wp-content\\\/uploads\\\/2020\\\/05\\\/AG_Luthier-du-Quatuor.jpg\",\"width\":480,\"height\":636,\"caption\":\"AG Violins\"},\"image\":{\"@id\":\"https:\\\/\\\/www.luthierduquatuor.fr\\\/en\\\/#\\\/schema\\\/logo\\\/image\\\/\"},\"sameAs\":[\"https:\\\/\\\/www.facebook.com\\\/luthierduquatuor\\\/\",\"https:\\\/\\\/x.com\\\/AnaisGassin\"]}]}<\/script>\n<!-- \/ Yoast SEO plugin. -->","yoast_head_json":{"title":"Instruments \u00e0 cordes frott\u00e9es - AG Violins","robots":{"index":"index","follow":"follow","max-snippet":"max-snippet:-1","max-image-preview":"max-image-preview:large","max-video-preview":"max-video-preview:-1"},"canonical":"http:\/\/www.luthierduquatuor.fr\/en\/annuaire-lutherie\/ecoles-lutherie-facture-instrumentale\/instruments-cordes-frottees-archet-violon-violoncelle-alto\/","og_locale":"en_GB","og_type":"article","og_title":"Instruments \u00e0 cordes frott\u00e9es - AG Violins","og_description":"Bottega di parma Formation \u00e0 temps plein via Trieste, 84 43100 Parma Italie tel. 0039 0521 27 30 20 info@bottegadiparma.com IPIALL Antonio Stradivari Formation \u00e0 temps plein Corso Garibaldi 178 26100 &#8211; Cremona &#8211; Italia Telefono:0039 0372 38689 Fax:0039 0372 800233 e-mail: info@ipiall.it iscrizioni@scuoladiliuteria.com Ecole nationale de lutherie lyc\u00e9e J-B [&hellip;]","og_url":"http:\/\/www.luthierduquatuor.fr\/en\/annuaire-lutherie\/ecoles-lutherie-facture-instrumentale\/instruments-cordes-frottees-archet-violon-violoncelle-alto\/","og_site_name":"AG Violins","article_publisher":"https:\/\/www.facebook.com\/luthierduquatuor\/","article_modified_time":"2013-02-23T22:08:45+00:00","twitter_card":"summary_large_image","twitter_site":"@AnaisGassin","twitter_misc":{"Estimated reading time":"1 minute"},"schema":{"@context":"https:\/\/schema.org","@graph":[{"@type":"WebPage","@id":"http:\/\/www.luthierduquatuor.fr\/en\/annuaire-lutherie\/ecoles-lutherie-facture-instrumentale\/instruments-cordes-frottees-archet-violon-violoncelle-alto\/","url":"http:\/\/www.luthierduquatuor.fr\/en\/annuaire-lutherie\/ecoles-lutherie-facture-instrumentale\/instruments-cordes-frottees-archet-violon-violoncelle-alto\/","name":"Instruments \u00e0 cordes frott\u00e9es - AG Violins","isPartOf":{"@id":"https:\/\/www.luthierduquatuor.fr\/en\/#website"},"datePublished":"2009-12-30T16:45:18+00:00","dateModified":"2013-02-23T22:08:45+00:00","breadcrumb":{"@id":"http:\/\/www.luthierduquatuor.fr\/en\/annuaire-lutherie\/ecoles-lutherie-facture-instrumentale\/instruments-cordes-frottees-archet-violon-violoncelle-alto\/#breadcrumb"},"inLanguage":"en-GB","potentialAction":[{"@type":"ReadAction","target":["http:\/\/www.luthierduquatuor.fr\/en\/annuaire-lutherie\/ecoles-lutherie-facture-instrumentale\/instruments-cordes-frottees-archet-violon-violoncelle-alto\/"]}]},{"@type":"BreadcrumbList","@id":"http:\/\/www.luthierduquatuor.fr\/en\/annuaire-lutherie\/ecoles-lutherie-facture-instrumentale\/instruments-cordes-frottees-archet-violon-violoncelle-alto\/#breadcrumb","itemListElement":[{"@type":"ListItem","position":1,"name":"Home","item":"https:\/\/www.luthierduquatuor.fr\/en\/"},{"@type":"ListItem","position":2,"name":"Annuaire","item":"http:\/\/www.luthierduquatuor.fr\/en\/annuaire-lutherie\/"},{"@type":"ListItem","position":3,"name":"Ecoles de facture instrumentale","item":"http:\/\/www.luthierduquatuor.fr\/en\/annuaire-lutherie\/ecoles-lutherie-facture-instrumentale\/"},{"@type":"ListItem","position":4,"name":"Instruments \u00e0 cordes frott\u00e9es"}]},{"@type":"WebSite","@id":"https:\/\/www.luthierduquatuor.fr\/en\/#website","url":"https:\/\/www.luthierduquatuor.fr\/en\/","name":"AG Violins","description":"Ana\u00efs Gassin - Luthier du quatuor","publisher":{"@id":"https:\/\/www.luthierduquatuor.fr\/en\/#organization"},"potentialAction":[{"@type":"SearchAction","target":{"@type":"EntryPoint","urlTemplate":"https:\/\/www.luthierduquatuor.fr\/en\/?s={search_term_string}"},"query-input":{"@type":"PropertyValueSpecification","valueRequired":true,"valueName":"search_term_string"}}],"inLanguage":"en-GB"},{"@type":"Organization","@id":"https:\/\/www.luthierduquatuor.fr\/en\/#organization","name":"AG Violins","url":"https:\/\/www.luthierduquatuor.fr\/en\/","logo":{"@type":"ImageObject","inLanguage":"en-GB","@id":"https:\/\/www.luthierduquatuor.fr\/en\/#\/schema\/logo\/image\/","url":"https:\/\/www.luthierduquatuor.fr\/wp-content\/uploads\/2020\/05\/AG_Luthier-du-Quatuor.jpg","contentUrl":"https:\/\/www.luthierduquatuor.fr\/wp-content\/uploads\/2020\/05\/AG_Luthier-du-Quatuor.jpg","width":480,"height":636,"caption":"AG Violins"},"image":{"@id":"https:\/\/www.luthierduquatuor.fr\/en\/#\/schema\/logo\/image\/"},"sameAs":["https:\/\/www.facebook.com\/luthierduquatuor\/","https:\/\/x.com\/AnaisGassin"]}]}},"jetpack_shortlink":"https:\/\/wp.me\/P3Qmw9-5u","jetpack_sharing_enabled":true,"jetpack_likes_enabled":true,"jetpack-related-posts":[],"_links":{"self":[{"href":"http:\/\/www.luthierduquatuor.fr\/en\/wp-json\/wp\/v2\/pages\/340","targetHints":{"allow":["GET"]}}],"collection":[{"href":"http:\/\/www.luthierduquatuor.fr\/en\/wp-json\/wp\/v2\/pages"}],"about":[{"href":"http:\/\/www.luthierduquatuor.fr\/en\/wp-json\/wp\/v2\/types\/page"}],"author":[{"embeddable":true,"href":"http:\/\/www.luthierduquatuor.fr\/en\/wp-json\/wp\/v2\/users\/1"}],"replies":[{"embeddable":true,"href":"http:\/\/www.luthierduquatuor.fr\/en\/wp-json\/wp\/v2\/comments?post=340"}],"version-history":[{"count":0,"href":"http:\/\/www.luthierduquatuor.fr\/en\/wp-json\/wp\/v2\/pages\/340\/revisions"}],"up":[{"embeddable":true,"href":"http:\/\/www.luthierduquatuor.fr\/en\/wp-json\/wp\/v2\/pages\/332"}],"wp:attachment":[{"href":"http:\/\/www.luthierduquatuor.fr\/en\/wp-json\/wp\/v2\/media?parent=340"}],"curies":[{"name":"wp","href":"https:\/\/api.w.org\/{rel}","templated":true}]}}