{"id":565,"date":"2010-02-25T00:30:47","date_gmt":"2010-02-24T23:30:47","guid":{"rendered":"http:\/\/anaislutherie.wordpress.com\/?page_id=565"},"modified":"2023-12-27T18:59:12","modified_gmt":"2023-12-27T18:59:12","slug":"associations-luthiers-archetiers","status":"publish","type":"page","link":"http:\/\/www.luthierduquatuor.fr\/en\/annuaire-lutherie\/associations-luthiers-archetiers\/","title":{"rendered":"Violin makers associations"},"content":{"rendered":"<h6>International<\/h6>\n<p><a title=\"ALADFI\" href=\"http:\/\/www.aladfi.com\" target=\"_blank\" rel=\"noopener\">ALADFI<\/a><strong> Association\u00a0des\u00a0Luthiers\u00a0et\u00a0Archetiers pour\u00a0le\u00a0D\u00e9veloppement\u00a0de\u00a0la\u00a0Facture\u00a0Instrumentale<\/strong><\/p>\n<p>C\/O Pierre ALLAIN &#8211; 1 Place Pellegrini &#8211; 06000 Nice<br \/>\naladfi1@wanadoo.fr<\/p>\n<p><a title=\"EILA\" href=\"http:\/\/www.eila.org\" target=\"_blank\" rel=\"noopener\">EILA<\/a> <strong>Entente Internationale des Luthiers et Archetiers<\/strong><br \/>\nAdresse :<br \/>\nEILA &#8211; Paul SCHUBACK<br \/>\n1255 N.W. 9th Avenue#11<br \/>\nPortland OR 97209 USA<br \/>\nE-mail : violin@schuback.com<br \/>\nT\u00e9l\u00e9phone : 1.503.916.4430<\/p>\n<p><a title=\"LSF\" href=\"https:\/\/www.annalindhfoundation.org\/members\/luthiers-sans-frontieres-lsf-violinists-without-borders\" target=\"_blank\" rel=\"noopener\">LSF<\/a> <strong>Luthiers Sans Fronti\u00e8res<\/strong><\/p>\n<p>Paul Jacobs<br \/>\n119 Ch. des Crolites<br \/>\nB-7800 Lanquesaint, Belgique<br \/>\nE-mail : <a href=\"mailto:lsfbe@yahoo.com\">lsfbe[at]yahoo.com<\/a><\/p>\n<h6>Allemagne<\/h6>\n<p><span style=\"color: #000000;\"><a title=\"VDG\" href=\"http:\/\/www.geigenbauerverband.org\" target=\"_blank\" rel=\"noopener\">VDG<\/a> <strong>Verband Deutscher Geigenbauer und Bogenmacher<\/strong><\/span><\/p>\n<p>Andreas K\u00e4gi, Pr\u00e4sident<br \/>\nGerichtstra\u00dfe 12-13<br \/>\n13347 Berlin<br \/>\nTel.: +49 +30 881 54 89<br \/>\nFax: +49 +30 886 819 58<br \/>\n1vorsitzender@geigenbauerverband.de<\/p>\n<h6>Angleterre<\/h6>\n<p><a title=\"BVMA\" href=\"http:\/\/www.bvma.org.uk\" target=\"_blank\" rel=\"noopener\">BVMA <\/a><strong>British Violin Making Association<\/strong><\/p>\n<p>Marc Butterlin<br \/>\n114 Mid Street<br \/>\nSouth Nutfield Redhill<br \/>\nSurrey RH1 4JH<br \/>\nUK<\/p>\n<h6>Belgique<\/h6>\n<p><a href=\"https:\/\/www.belgianviolinbowmakers.com\/\" target=\"_blank\" rel=\"noopener\">BVBM<\/a><a title=\"UPLAB\" href=\"http:\/\/home.pi.be\/~tor-4879\/uplab.htm\" target=\"_blank\" rel=\"noopener\"><\/a>\u00a0<strong>Belgian Violin &amp; Bow Makers<br \/>\n<\/strong><\/p>\n<p>rue d&rsquo;Ecosse 65<br \/>\n1060 Brussels<br \/>\nBelgium<\/p>\n<h6>Canada<\/h6>\n<p><a title=\"afbvm\" href=\"https:\/\/afvbm.org\/\" target=\"_blank\" rel=\"noopener\">afvbm<\/a><strong> The American Federation of Violin and Bow Makers<\/strong><\/p>\n<p>AFVBM., Inc.<br \/>\n257 Rachel Street East<br \/>\nMontreal Quebec H2W 1E5 Canada<br \/>\nTel. (514) 289-0849<br \/>\ntom.wilder@wilderdavis.com<\/p>\n<h6>Espagne<\/h6>\n<p><a title=\"Glae\" href=\"http:\/\/www.glae.org\/\" target=\"_blank\" rel=\"noopener\">GLAE<\/a> <strong>Gremio de Luthiers y Arqueros de Espa\u00f1a<\/strong><\/p>\n<p>Calle Torija 10, 1\u00ba, Izqda., 28013 de MADRID<br \/>\nglae@glae.org<\/p>\n<h6>Etats-unis<\/h6>\n<p><a title=\"VSA\" href=\"https:\/\/www.vsaweb.org\/\" target=\"_blank\" rel=\"noopener\">VSA<\/a> <strong>The Violin Society Of America<\/strong><\/p>\n<p>1 civic center plaza, suite 305 Poughkeepsie N-Y 12601 USA<br \/>\n845-452-7557<\/p>\n<p><a title=\"afbvm\" href=\"https:\/\/afvbm.org\/\" target=\"_blank\" rel=\"noopener\">afvbm<\/a> <span style=\"font-family: Garamond;\"><span style=\"font-family: Arial;\"><strong>T<\/strong><strong>he American Federation of Violin and Bow Makers<\/strong><\/span><\/span><\/p>\n<p>AFVBM., Inc.<br \/>\n257 Rachel Street East<br \/>\nMontreal Quebec H2W 1E5 Canada<br \/>\nTel. (514) 289-0849<br \/>\ntom.wilder@wilderdavis.com<\/p>\n<p><a title=\"american-luthiers\" href=\"http:\/\/www.luth.org\/\" target=\"_blank\" rel=\"noopener\">The Guild of American Luthiers<\/a><\/p>\n<h6>France<\/h6>\n<p><a title=\"ALADFI\" href=\"http:\/\/www.aladfi.com\" target=\"_blank\" rel=\"noopener\">ALADFI<\/a> <strong>Association\u00a0des\u00a0Luthiers\u00a0et\u00a0Archetiers pour\u00a0le\u00a0D\u00e9veloppement\u00a0de\u00a0la\u00a0Facture\u00a0Instrumentale<\/strong><\/p>\n<p>C\/O Pierre ALLAIN &#8211; 1 Place Pellegrini &#8211; 06000 Nice<br \/>\naladfi1@wanadoo.fr<\/p>\n<p><a title=\"GLAAF\" href=\"https:\/\/www.glaaf.fr\/\" target=\"_blank\" rel=\"noopener\">GLAAF<\/a> <strong>Groupement des luthiers et archetiers d&rsquo;art de France<\/strong><\/p>\n<h6>Italie<\/h6>\n<p><a title=\"ALI\" href=\"http:\/\/www.associazioneali.it\" target=\"_blank\" rel=\"noopener\">ALI<\/a> <strong>Associazione liutaria italiana<\/strong><\/p>\n<p>c\/o Camera di Commercio<br \/>\npiazza Stradivari, 5<br \/>\n26100 &#8211; Cremona (CR)<br \/>\ninfo@associazioneali.it<br \/>\ntel: 037238747 &#8211; 0372460762<br \/>\nfax: 0372463718 &#8211; 0372460762<\/p>\n<p><a href=\"https:\/\/www.cremonaviolins.com\/\" target=\"_blank\" rel=\"noopener\">Il Consorzio Liutai<\/a> \u00ab\u00a0Antonio Stradivari\u00a0\u00bb CREMONA<\/p>\n<p>Showroom &#8211; Piazza Stradivari 1 &#8211; 26100 CREMONA &#8211; ITALY<br \/>\nTel. (0039)0372463503 &#8211; Fax (0039)0372464490<br \/>\ne-Mails: info@cremonaviolins.com &#8211; info@cremonaliuteria.it<\/p>\n<h6>Suisse<\/h6>\n<p><a title=\"ASLA\" href=\"http:\/\/www.geigenbauer.ch\/\" target=\"_blank\" rel=\"noopener\">ASLA-SVGB<\/a> <strong>Association suisse des luthiers et archetiers<\/strong><\/p>\n<p>Magali Perret<br \/>\nSchauenburgerstrasse 37<br \/>\n4052 Basel<br \/>\nT\u00e9l. 061 508 25 21<br \/>\nFax 061 508 27 21<\/p>\n<h6><strong><strong><strong><strong><a title=\"retour_annuaire\" href=\"http:\/\/www.luthierduquatuor.fr\/annuaire-lutherie\/\" target=\"_self\" rel=\"noopener\">&lt;- Retourner \u00e0 ANNUAIRE<\/a><\/strong><\/strong><\/strong><\/strong><\/h6>\n","protected":false},"excerpt":{"rendered":"<p>International ALADFI Association\u00a0des\u00a0Luthiers\u00a0et\u00a0Archetiers pour\u00a0le\u00a0D\u00e9veloppement\u00a0de\u00a0la\u00a0Facture\u00a0Instrumentale C\/O Pierre ALLAIN &#8211; 1 Place Pellegrini &#8211; 06000 Nice aladfi1@wanadoo.fr EILA Entente Internationale des Luthiers et Archetiers Adresse : EILA &#8211; Paul SCHUBACK 1255 N.W. 9th Avenue#11 Portland OR 97209 USA E-mail : violin@schuback.com T\u00e9l\u00e9phone : 1.503.916.4430 LSF Luthiers Sans Fronti\u00e8res Paul Jacobs 119 Ch. [&hellip;]<\/p>\n","protected":false},"author":1,"featured_media":0,"parent":308,"menu_order":0,"comment_status":"closed","ping_status":"closed","template":"","meta":{"footnotes":""},"class_list":["post-565","page","type-page","status-publish","hentry"],"yoast_head":"<!-- This site is optimized with the Yoast SEO plugin v27.5 - https:\/\/yoast.com\/product\/yoast-seo-wordpress\/ -->\n<title>Associations de luthiers - AG Violins<\/title>\n<meta name=\"robots\" content=\"index, follow, max-snippet:-1, max-image-preview:large, max-video-preview:-1\" \/>\n<link rel=\"canonical\" href=\"https:\/\/www.luthierduquatuor.fr\/en\/annuaire-lutherie\/associations-luthiers-archetiers\/\" \/>\n<meta property=\"og:locale\" content=\"en_GB\" \/>\n<meta property=\"og:type\" content=\"article\" \/>\n<meta property=\"og:title\" content=\"Associations de luthiers - AG Violins\" \/>\n<meta property=\"og:description\" content=\"International ALADFI Association\u00a0des\u00a0Luthiers\u00a0et\u00a0Archetiers pour\u00a0le\u00a0D\u00e9veloppement\u00a0de\u00a0la\u00a0Facture\u00a0Instrumentale C\/O Pierre ALLAIN &#8211; 1 Place Pellegrini &#8211; 06000 Nice aladfi1@wanadoo.fr EILA Entente Internationale des Luthiers et Archetiers Adresse : EILA &#8211; Paul SCHUBACK 1255 N.W. 9th Avenue#11 Portland OR 97209 USA E-mail : violin@schuback.com T\u00e9l\u00e9phone : 1.503.916.4430 LSF Luthiers Sans Fronti\u00e8res Paul Jacobs 119 Ch. [&hellip;]\" \/>\n<meta property=\"og:url\" content=\"https:\/\/www.luthierduquatuor.fr\/en\/annuaire-lutherie\/associations-luthiers-archetiers\/\" \/>\n<meta property=\"og:site_name\" content=\"AG Violins\" \/>\n<meta property=\"article:publisher\" content=\"https:\/\/www.facebook.com\/luthierduquatuor\/\" \/>\n<meta property=\"article:modified_time\" content=\"2023-12-27T18:59:12+00:00\" \/>\n<meta name=\"twitter:card\" content=\"summary_large_image\" \/>\n<meta name=\"twitter:site\" content=\"@AnaisGassin\" \/>\n<meta name=\"twitter:label1\" content=\"Estimated reading time\" \/>\n\t<meta name=\"twitter:data1\" content=\"2 minutes\" \/>\n<script type=\"application\/ld+json\" class=\"yoast-schema-graph\">{\"@context\":\"https:\\\/\\\/schema.org\",\"@graph\":[{\"@type\":\"WebPage\",\"@id\":\"https:\\\/\\\/www.luthierduquatuor.fr\\\/annuaire-lutherie\\\/associations-luthiers-archetiers\\\/\",\"url\":\"https:\\\/\\\/www.luthierduquatuor.fr\\\/annuaire-lutherie\\\/associations-luthiers-archetiers\\\/\",\"name\":\"Associations de luthiers - AG Violins\",\"isPartOf\":{\"@id\":\"https:\\\/\\\/www.luthierduquatuor.fr\\\/en\\\/#website\"},\"datePublished\":\"2010-02-24T23:30:47+00:00\",\"dateModified\":\"2023-12-27T18:59:12+00:00\",\"breadcrumb\":{\"@id\":\"https:\\\/\\\/www.luthierduquatuor.fr\\\/annuaire-lutherie\\\/associations-luthiers-archetiers\\\/#breadcrumb\"},\"inLanguage\":\"en-GB\",\"potentialAction\":[{\"@type\":\"ReadAction\",\"target\":[\"https:\\\/\\\/www.luthierduquatuor.fr\\\/annuaire-lutherie\\\/associations-luthiers-archetiers\\\/\"]}]},{\"@type\":\"BreadcrumbList\",\"@id\":\"https:\\\/\\\/www.luthierduquatuor.fr\\\/annuaire-lutherie\\\/associations-luthiers-archetiers\\\/#breadcrumb\",\"itemListElement\":[{\"@type\":\"ListItem\",\"position\":1,\"name\":\"Home\",\"item\":\"https:\\\/\\\/www.luthierduquatuor.fr\\\/en\\\/\"},{\"@type\":\"ListItem\",\"position\":2,\"name\":\"Annuaire\",\"item\":\"http:\\\/\\\/www.luthierduquatuor.fr\\\/en\\\/annuaire-lutherie\\\/\"},{\"@type\":\"ListItem\",\"position\":3,\"name\":\"Associations de luthiers\"}]},{\"@type\":\"WebSite\",\"@id\":\"https:\\\/\\\/www.luthierduquatuor.fr\\\/en\\\/#website\",\"url\":\"https:\\\/\\\/www.luthierduquatuor.fr\\\/en\\\/\",\"name\":\"AG Violins\",\"description\":\"Ana\u00efs Gassin - Luthier du quatuor\",\"publisher\":{\"@id\":\"https:\\\/\\\/www.luthierduquatuor.fr\\\/en\\\/#organization\"},\"potentialAction\":[{\"@type\":\"SearchAction\",\"target\":{\"@type\":\"EntryPoint\",\"urlTemplate\":\"https:\\\/\\\/www.luthierduquatuor.fr\\\/en\\\/?s={search_term_string}\"},\"query-input\":{\"@type\":\"PropertyValueSpecification\",\"valueRequired\":true,\"valueName\":\"search_term_string\"}}],\"inLanguage\":\"en-GB\"},{\"@type\":\"Organization\",\"@id\":\"https:\\\/\\\/www.luthierduquatuor.fr\\\/en\\\/#organization\",\"name\":\"AG Violins\",\"url\":\"https:\\\/\\\/www.luthierduquatuor.fr\\\/en\\\/\",\"logo\":{\"@type\":\"ImageObject\",\"inLanguage\":\"en-GB\",\"@id\":\"https:\\\/\\\/www.luthierduquatuor.fr\\\/en\\\/#\\\/schema\\\/logo\\\/image\\\/\",\"url\":\"https:\\\/\\\/www.luthierduquatuor.fr\\\/wp-content\\\/uploads\\\/2020\\\/05\\\/AG_Luthier-du-Quatuor.jpg\",\"contentUrl\":\"https:\\\/\\\/www.luthierduquatuor.fr\\\/wp-content\\\/uploads\\\/2020\\\/05\\\/AG_Luthier-du-Quatuor.jpg\",\"width\":480,\"height\":636,\"caption\":\"AG Violins\"},\"image\":{\"@id\":\"https:\\\/\\\/www.luthierduquatuor.fr\\\/en\\\/#\\\/schema\\\/logo\\\/image\\\/\"},\"sameAs\":[\"https:\\\/\\\/www.facebook.com\\\/luthierduquatuor\\\/\",\"https:\\\/\\\/x.com\\\/AnaisGassin\"]}]}<\/script>\n<!-- \/ Yoast SEO plugin. -->","yoast_head_json":{"title":"Associations de luthiers - AG Violins","robots":{"index":"index","follow":"follow","max-snippet":"max-snippet:-1","max-image-preview":"max-image-preview:large","max-video-preview":"max-video-preview:-1"},"canonical":"https:\/\/www.luthierduquatuor.fr\/en\/annuaire-lutherie\/associations-luthiers-archetiers\/","og_locale":"en_GB","og_type":"article","og_title":"Associations de luthiers - AG Violins","og_description":"International ALADFI Association\u00a0des\u00a0Luthiers\u00a0et\u00a0Archetiers pour\u00a0le\u00a0D\u00e9veloppement\u00a0de\u00a0la\u00a0Facture\u00a0Instrumentale C\/O Pierre ALLAIN &#8211; 1 Place Pellegrini &#8211; 06000 Nice aladfi1@wanadoo.fr EILA Entente Internationale des Luthiers et Archetiers Adresse : EILA &#8211; Paul SCHUBACK 1255 N.W. 9th Avenue#11 Portland OR 97209 USA E-mail : violin@schuback.com T\u00e9l\u00e9phone : 1.503.916.4430 LSF Luthiers Sans Fronti\u00e8res Paul Jacobs 119 Ch. [&hellip;]","og_url":"https:\/\/www.luthierduquatuor.fr\/en\/annuaire-lutherie\/associations-luthiers-archetiers\/","og_site_name":"AG Violins","article_publisher":"https:\/\/www.facebook.com\/luthierduquatuor\/","article_modified_time":"2023-12-27T18:59:12+00:00","twitter_card":"summary_large_image","twitter_site":"@AnaisGassin","twitter_misc":{"Estimated reading time":"2 minutes"},"schema":{"@context":"https:\/\/schema.org","@graph":[{"@type":"WebPage","@id":"https:\/\/www.luthierduquatuor.fr\/annuaire-lutherie\/associations-luthiers-archetiers\/","url":"https:\/\/www.luthierduquatuor.fr\/annuaire-lutherie\/associations-luthiers-archetiers\/","name":"Associations de luthiers - AG Violins","isPartOf":{"@id":"https:\/\/www.luthierduquatuor.fr\/en\/#website"},"datePublished":"2010-02-24T23:30:47+00:00","dateModified":"2023-12-27T18:59:12+00:00","breadcrumb":{"@id":"https:\/\/www.luthierduquatuor.fr\/annuaire-lutherie\/associations-luthiers-archetiers\/#breadcrumb"},"inLanguage":"en-GB","potentialAction":[{"@type":"ReadAction","target":["https:\/\/www.luthierduquatuor.fr\/annuaire-lutherie\/associations-luthiers-archetiers\/"]}]},{"@type":"BreadcrumbList","@id":"https:\/\/www.luthierduquatuor.fr\/annuaire-lutherie\/associations-luthiers-archetiers\/#breadcrumb","itemListElement":[{"@type":"ListItem","position":1,"name":"Home","item":"https:\/\/www.luthierduquatuor.fr\/en\/"},{"@type":"ListItem","position":2,"name":"Annuaire","item":"http:\/\/www.luthierduquatuor.fr\/en\/annuaire-lutherie\/"},{"@type":"ListItem","position":3,"name":"Associations de luthiers"}]},{"@type":"WebSite","@id":"https:\/\/www.luthierduquatuor.fr\/en\/#website","url":"https:\/\/www.luthierduquatuor.fr\/en\/","name":"AG Violins","description":"Ana\u00efs Gassin - Luthier du quatuor","publisher":{"@id":"https:\/\/www.luthierduquatuor.fr\/en\/#organization"},"potentialAction":[{"@type":"SearchAction","target":{"@type":"EntryPoint","urlTemplate":"https:\/\/www.luthierduquatuor.fr\/en\/?s={search_term_string}"},"query-input":{"@type":"PropertyValueSpecification","valueRequired":true,"valueName":"search_term_string"}}],"inLanguage":"en-GB"},{"@type":"Organization","@id":"https:\/\/www.luthierduquatuor.fr\/en\/#organization","name":"AG Violins","url":"https:\/\/www.luthierduquatuor.fr\/en\/","logo":{"@type":"ImageObject","inLanguage":"en-GB","@id":"https:\/\/www.luthierduquatuor.fr\/en\/#\/schema\/logo\/image\/","url":"https:\/\/www.luthierduquatuor.fr\/wp-content\/uploads\/2020\/05\/AG_Luthier-du-Quatuor.jpg","contentUrl":"https:\/\/www.luthierduquatuor.fr\/wp-content\/uploads\/2020\/05\/AG_Luthier-du-Quatuor.jpg","width":480,"height":636,"caption":"AG Violins"},"image":{"@id":"https:\/\/www.luthierduquatuor.fr\/en\/#\/schema\/logo\/image\/"},"sameAs":["https:\/\/www.facebook.com\/luthierduquatuor\/","https:\/\/x.com\/AnaisGassin"]}]}},"jetpack_shortlink":"https:\/\/wp.me\/P3Qmw9-97","jetpack_sharing_enabled":true,"jetpack_likes_enabled":true,"jetpack-related-posts":[],"_links":{"self":[{"href":"http:\/\/www.luthierduquatuor.fr\/en\/wp-json\/wp\/v2\/pages\/565","targetHints":{"allow":["GET"]}}],"collection":[{"href":"http:\/\/www.luthierduquatuor.fr\/en\/wp-json\/wp\/v2\/pages"}],"about":[{"href":"http:\/\/www.luthierduquatuor.fr\/en\/wp-json\/wp\/v2\/types\/page"}],"author":[{"embeddable":true,"href":"http:\/\/www.luthierduquatuor.fr\/en\/wp-json\/wp\/v2\/users\/1"}],"replies":[{"embeddable":true,"href":"http:\/\/www.luthierduquatuor.fr\/en\/wp-json\/wp\/v2\/comments?post=565"}],"version-history":[{"count":0,"href":"http:\/\/www.luthierduquatuor.fr\/en\/wp-json\/wp\/v2\/pages\/565\/revisions"}],"up":[{"embeddable":true,"href":"http:\/\/www.luthierduquatuor.fr\/en\/wp-json\/wp\/v2\/pages\/308"}],"wp:attachment":[{"href":"http:\/\/www.luthierduquatuor.fr\/en\/wp-json\/wp\/v2\/media?parent=565"}],"curies":[{"name":"wp","href":"https:\/\/api.w.org\/{rel}","templated":true}]}}