{"id":2514,"date":"2013-12-05T16:07:11","date_gmt":"2013-12-05T16:07:11","guid":{"rendered":"http:\/\/www.luthierduquatuor.fr\/?page_id=2514"},"modified":"2020-12-14T17:45:23","modified_gmt":"2020-12-14T17:45:23","slug":"entretien-reparation","status":"publish","type":"page","link":"https:\/\/www.luthierduquatuor.fr\/en\/mes-metiers\/entretien-reparation\/","title":{"rendered":"Care and maintenance"},"content":{"rendered":"<figure class=\"wp-block-image size-large\"><img data-recalc-dims=\"1\" loading=\"lazy\" decoding=\"async\" width=\"750\" height=\"500\" data-attachment-id=\"2980\" data-permalink=\"https:\/\/www.luthierduquatuor.fr\/en\/mes-metiers\/entretien-reparation\/img_8787\/\" data-orig-file=\"https:\/\/i0.wp.com\/www.luthierduquatuor.fr\/wp-content\/uploads\/2020\/05\/IMG_8787-scaled.jpg?fit=2560%2C1708&amp;ssl=1\" data-orig-size=\"2560,1708\" data-comments-opened=\"1\" data-image-meta=\"{&quot;aperture&quot;:&quot;5&quot;,&quot;credit&quot;:&quot;Picasa&quot;,&quot;camera&quot;:&quot;Canon EOS 70D&quot;,&quot;caption&quot;:&quot;&quot;,&quot;created_timestamp&quot;:&quot;1550942167&quot;,&quot;copyright&quot;:&quot;&quot;,&quot;focal_length&quot;:&quot;70&quot;,&quot;iso&quot;:&quot;800&quot;,&quot;shutter_speed&quot;:&quot;0.01&quot;,&quot;title&quot;:&quot;&quot;,&quot;orientation&quot;:&quot;0&quot;}\" data-image-title=\"Anais-violon\" data-image-description=\"\" data-image-caption=\"\" data-large-file=\"https:\/\/i0.wp.com\/www.luthierduquatuor.fr\/wp-content\/uploads\/2020\/05\/IMG_8787-scaled.jpg?fit=750%2C500&amp;ssl=1\" src=\"https:\/\/i0.wp.com\/www.luthierduquatuor.fr\/wp-content\/uploads\/2020\/05\/IMG_8787.jpg?resize=750%2C500&#038;ssl=1\" alt=\"\" class=\"wp-image-2980\" srcset=\"https:\/\/i0.wp.com\/www.luthierduquatuor.fr\/wp-content\/uploads\/2020\/05\/IMG_8787-scaled.jpg?resize=1024%2C683&amp;ssl=1 1024w, https:\/\/i0.wp.com\/www.luthierduquatuor.fr\/wp-content\/uploads\/2020\/05\/IMG_8787-scaled.jpg?resize=300%2C200&amp;ssl=1 300w, https:\/\/i0.wp.com\/www.luthierduquatuor.fr\/wp-content\/uploads\/2020\/05\/IMG_8787-scaled.jpg?resize=150%2C100&amp;ssl=1 150w, https:\/\/i0.wp.com\/www.luthierduquatuor.fr\/wp-content\/uploads\/2020\/05\/IMG_8787-scaled.jpg?resize=768%2C512&amp;ssl=1 768w, https:\/\/i0.wp.com\/www.luthierduquatuor.fr\/wp-content\/uploads\/2020\/05\/IMG_8787-scaled.jpg?resize=1536%2C1025&amp;ssl=1 1536w, https:\/\/i0.wp.com\/www.luthierduquatuor.fr\/wp-content\/uploads\/2020\/05\/IMG_8787-scaled.jpg?resize=2048%2C1366&amp;ssl=1 2048w, https:\/\/i0.wp.com\/www.luthierduquatuor.fr\/wp-content\/uploads\/2020\/05\/IMG_8787-scaled.jpg?resize=182%2C121&amp;ssl=1 182w, https:\/\/i0.wp.com\/www.luthierduquatuor.fr\/wp-content\/uploads\/2020\/05\/IMG_8787-scaled.jpg?resize=220%2C148&amp;ssl=1 220w, https:\/\/i0.wp.com\/www.luthierduquatuor.fr\/wp-content\/uploads\/2020\/05\/IMG_8787-scaled.jpg?resize=272%2C182&amp;ssl=1 272w, https:\/\/i0.wp.com\/www.luthierduquatuor.fr\/wp-content\/uploads\/2020\/05\/IMG_8787-scaled.jpg?w=2250&amp;ssl=1 2250w\" sizes=\"auto, (max-width: 750px) 100vw, 750px\" \/><\/figure>\n\n\n\n<p>Since weather and use affect an instrument, it is important to check for open seams, cracks, bridge integrity, and health of the fingerboard, nut, saddle, tailpiece, and pegs regularly.<\/p>\n\n\n\n<ul class=\"wp-block-list\"><li>&nbsp; &nbsp;<strong>Check-up<\/strong><\/li><li><strong>&nbsp; &nbsp;Cleaning<\/strong><\/li><li><strong>&nbsp; &nbsp;Change of strings<\/strong><\/li><li><strong>&nbsp; &nbsp;Sound adjustments<\/strong><\/li><\/ul>\n\n\n\n<p class=\"has-text-align-left\">In case of a small accident or big damages, we provide <strong>repair services<\/strong> for student instruments as well as <strong>restoration services<\/strong> for valuable instruments.  <\/p>\n\n\n\n<p class=\"has-text-align-left\">Please&nbsp;<a href=\"http:\/\/www.luthierduquatuor.fr\/fr_fr\/contact-luthier-bruxelles-belgique\/\">contact me <\/a>for any further information.<\/p>\n\n\n\n<ul class=\"wp-block-list\"><li><strong>Bridge&nbsp;<\/strong><\/li><li><strong>Fingerboard dressing<\/strong><\/li><li><strong>Sound post<\/strong><\/li><li><strong>Seam glueing<\/strong><\/li><li><strong>Crack repair<\/strong><\/li><li><strong>Peg bushing<\/strong><\/li><li><strong>Varnish touch ups<\/strong><\/li><li><strong>Restoration<\/strong><\/li><\/ul>\n\n\n\n<p class=\"has-text-align-center\">For any further information please click <a href=\"https:\/\/www.luthierduquatuor.fr\/en\/contact-luthier-bruxelles-belgique\/\">here<\/a>.<\/p>","protected":false},"excerpt":{"rendered":"<p>L&rsquo;entretien r\u00e9gulier de votre instrument lui assure long\u00e9vit\u00e9 et optimisation sonore. Je vous guiderai et vous conseillerai au cas par cas. Pour de plus amples informations contactez l&rsquo;atelier. &nbsp; &nbsp;Diagnostique des r\u00e9parations &nbsp; &nbsp;Nettoyage &nbsp; &nbsp;Changement des cordes &nbsp; &nbsp;R\u00e9glage de sonorit\u00e9 Petit accident ou gros dommage, nous assurons tout [&hellip;]<\/p>\n","protected":false},"author":1,"featured_media":0,"parent":2498,"menu_order":0,"comment_status":"closed","ping_status":"closed","template":"","meta":{"footnotes":""},"class_list":["post-2514","page","type-page","status-publish","hentry"],"yoast_head":"<!-- This site is optimized with the Yoast SEO plugin v27.5 - https:\/\/yoast.com\/product\/yoast-seo-wordpress\/ -->\n<title>Entretien- R\u00e9paration- R\u00e9glage - AG Violins<\/title>\n<meta name=\"robots\" content=\"index, follow, max-snippet:-1, max-image-preview:large, max-video-preview:-1\" \/>\n<link rel=\"canonical\" href=\"https:\/\/www.luthierduquatuor.fr\/en\/mes-metiers\/entretien-reparation\/\" \/>\n<meta property=\"og:locale\" content=\"en_GB\" \/>\n<meta property=\"og:type\" content=\"article\" \/>\n<meta property=\"og:title\" content=\"Entretien- R\u00e9paration- R\u00e9glage - AG Violins\" \/>\n<meta property=\"og:description\" content=\"L&rsquo;entretien r\u00e9gulier de votre instrument lui assure long\u00e9vit\u00e9 et optimisation sonore. Je vous guiderai et vous conseillerai au cas par cas. Pour de plus amples informations contactez l&rsquo;atelier. &nbsp; &nbsp;Diagnostique des r\u00e9parations &nbsp; &nbsp;Nettoyage &nbsp; &nbsp;Changement des cordes &nbsp; &nbsp;R\u00e9glage de sonorit\u00e9 Petit accident ou gros dommage, nous assurons tout [&hellip;]\" \/>\n<meta property=\"og:url\" content=\"https:\/\/www.luthierduquatuor.fr\/en\/mes-metiers\/entretien-reparation\/\" \/>\n<meta property=\"og:site_name\" content=\"AG Violins\" \/>\n<meta property=\"article:publisher\" content=\"https:\/\/www.facebook.com\/luthierduquatuor\/\" \/>\n<meta property=\"article:modified_time\" content=\"2020-12-14T17:45:23+00:00\" \/>\n<meta property=\"og:image\" content=\"https:\/\/www.luthierduquatuor.fr\/wp-content\/uploads\/2020\/05\/IMG_8787-1024x683.jpg\" \/>\n<meta name=\"twitter:card\" content=\"summary_large_image\" \/>\n<meta name=\"twitter:site\" content=\"@AnaisGassin\" \/>\n<meta name=\"twitter:label1\" content=\"Estimated reading time\" \/>\n\t<meta name=\"twitter:data1\" content=\"1 minute\" \/>\n<script type=\"application\/ld+json\" class=\"yoast-schema-graph\">{\"@context\":\"https:\\\/\\\/schema.org\",\"@graph\":[{\"@type\":\"WebPage\",\"@id\":\"https:\\\/\\\/www.luthierduquatuor.fr\\\/mes-metiers\\\/entretien-reparation\\\/\",\"url\":\"https:\\\/\\\/www.luthierduquatuor.fr\\\/mes-metiers\\\/entretien-reparation\\\/\",\"name\":\"Entretien- R\u00e9paration- R\u00e9glage - AG Violins\",\"isPartOf\":{\"@id\":\"https:\\\/\\\/www.luthierduquatuor.fr\\\/en\\\/#website\"},\"primaryImageOfPage\":{\"@id\":\"https:\\\/\\\/www.luthierduquatuor.fr\\\/mes-metiers\\\/entretien-reparation\\\/#primaryimage\"},\"image\":{\"@id\":\"https:\\\/\\\/www.luthierduquatuor.fr\\\/mes-metiers\\\/entretien-reparation\\\/#primaryimage\"},\"thumbnailUrl\":\"https:\\\/\\\/www.luthierduquatuor.fr\\\/wp-content\\\/uploads\\\/2020\\\/05\\\/IMG_8787-1024x683.jpg\",\"datePublished\":\"2013-12-05T16:07:11+00:00\",\"dateModified\":\"2020-12-14T17:45:23+00:00\",\"breadcrumb\":{\"@id\":\"https:\\\/\\\/www.luthierduquatuor.fr\\\/mes-metiers\\\/entretien-reparation\\\/#breadcrumb\"},\"inLanguage\":\"en-GB\",\"potentialAction\":[{\"@type\":\"ReadAction\",\"target\":[\"https:\\\/\\\/www.luthierduquatuor.fr\\\/mes-metiers\\\/entretien-reparation\\\/\"]}]},{\"@type\":\"ImageObject\",\"inLanguage\":\"en-GB\",\"@id\":\"https:\\\/\\\/www.luthierduquatuor.fr\\\/mes-metiers\\\/entretien-reparation\\\/#primaryimage\",\"url\":\"https:\\\/\\\/www.luthierduquatuor.fr\\\/wp-content\\\/uploads\\\/2020\\\/05\\\/IMG_8787-1024x683.jpg\",\"contentUrl\":\"https:\\\/\\\/www.luthierduquatuor.fr\\\/wp-content\\\/uploads\\\/2020\\\/05\\\/IMG_8787-1024x683.jpg\"},{\"@type\":\"BreadcrumbList\",\"@id\":\"https:\\\/\\\/www.luthierduquatuor.fr\\\/mes-metiers\\\/entretien-reparation\\\/#breadcrumb\",\"itemListElement\":[{\"@type\":\"ListItem\",\"position\":1,\"name\":\"Home\",\"item\":\"https:\\\/\\\/www.luthierduquatuor.fr\\\/en\\\/\"},{\"@type\":\"ListItem\",\"position\":2,\"name\":\"Services et instruments\",\"item\":\"https:\\\/\\\/www.luthierduquatuor.fr\\\/mes-metiers\\\/\"},{\"@type\":\"ListItem\",\"position\":3,\"name\":\"Entretien- R\u00e9paration- R\u00e9glage\"}]},{\"@type\":\"WebSite\",\"@id\":\"https:\\\/\\\/www.luthierduquatuor.fr\\\/en\\\/#website\",\"url\":\"https:\\\/\\\/www.luthierduquatuor.fr\\\/en\\\/\",\"name\":\"AG Violins\",\"description\":\"Ana\u00efs Gassin - Luthier du quatuor\",\"publisher\":{\"@id\":\"https:\\\/\\\/www.luthierduquatuor.fr\\\/en\\\/#organization\"},\"potentialAction\":[{\"@type\":\"SearchAction\",\"target\":{\"@type\":\"EntryPoint\",\"urlTemplate\":\"https:\\\/\\\/www.luthierduquatuor.fr\\\/en\\\/?s={search_term_string}\"},\"query-input\":{\"@type\":\"PropertyValueSpecification\",\"valueRequired\":true,\"valueName\":\"search_term_string\"}}],\"inLanguage\":\"en-GB\"},{\"@type\":\"Organization\",\"@id\":\"https:\\\/\\\/www.luthierduquatuor.fr\\\/en\\\/#organization\",\"name\":\"AG Violins\",\"url\":\"https:\\\/\\\/www.luthierduquatuor.fr\\\/en\\\/\",\"logo\":{\"@type\":\"ImageObject\",\"inLanguage\":\"en-GB\",\"@id\":\"https:\\\/\\\/www.luthierduquatuor.fr\\\/en\\\/#\\\/schema\\\/logo\\\/image\\\/\",\"url\":\"https:\\\/\\\/www.luthierduquatuor.fr\\\/wp-content\\\/uploads\\\/2020\\\/05\\\/AG_Luthier-du-Quatuor.jpg\",\"contentUrl\":\"https:\\\/\\\/www.luthierduquatuor.fr\\\/wp-content\\\/uploads\\\/2020\\\/05\\\/AG_Luthier-du-Quatuor.jpg\",\"width\":480,\"height\":636,\"caption\":\"AG Violins\"},\"image\":{\"@id\":\"https:\\\/\\\/www.luthierduquatuor.fr\\\/en\\\/#\\\/schema\\\/logo\\\/image\\\/\"},\"sameAs\":[\"https:\\\/\\\/www.facebook.com\\\/luthierduquatuor\\\/\",\"https:\\\/\\\/x.com\\\/AnaisGassin\"]}]}<\/script>\n<!-- \/ Yoast SEO plugin. -->","yoast_head_json":{"title":"Entretien- R\u00e9paration- R\u00e9glage - AG Violins","robots":{"index":"index","follow":"follow","max-snippet":"max-snippet:-1","max-image-preview":"max-image-preview:large","max-video-preview":"max-video-preview:-1"},"canonical":"https:\/\/www.luthierduquatuor.fr\/en\/mes-metiers\/entretien-reparation\/","og_locale":"en_GB","og_type":"article","og_title":"Entretien- R\u00e9paration- R\u00e9glage - AG Violins","og_description":"L&rsquo;entretien r\u00e9gulier de votre instrument lui assure long\u00e9vit\u00e9 et optimisation sonore. Je vous guiderai et vous conseillerai au cas par cas. Pour de plus amples informations contactez l&rsquo;atelier. &nbsp; &nbsp;Diagnostique des r\u00e9parations &nbsp; &nbsp;Nettoyage &nbsp; &nbsp;Changement des cordes &nbsp; &nbsp;R\u00e9glage de sonorit\u00e9 Petit accident ou gros dommage, nous assurons tout [&hellip;]","og_url":"https:\/\/www.luthierduquatuor.fr\/en\/mes-metiers\/entretien-reparation\/","og_site_name":"AG Violins","article_publisher":"https:\/\/www.facebook.com\/luthierduquatuor\/","article_modified_time":"2020-12-14T17:45:23+00:00","og_image":[{"url":"https:\/\/www.luthierduquatuor.fr\/wp-content\/uploads\/2020\/05\/IMG_8787-1024x683.jpg","type":"","width":"","height":""}],"twitter_card":"summary_large_image","twitter_site":"@AnaisGassin","twitter_misc":{"Estimated reading time":"1 minute"},"schema":{"@context":"https:\/\/schema.org","@graph":[{"@type":"WebPage","@id":"https:\/\/www.luthierduquatuor.fr\/mes-metiers\/entretien-reparation\/","url":"https:\/\/www.luthierduquatuor.fr\/mes-metiers\/entretien-reparation\/","name":"Entretien- R\u00e9paration- R\u00e9glage - AG Violins","isPartOf":{"@id":"https:\/\/www.luthierduquatuor.fr\/en\/#website"},"primaryImageOfPage":{"@id":"https:\/\/www.luthierduquatuor.fr\/mes-metiers\/entretien-reparation\/#primaryimage"},"image":{"@id":"https:\/\/www.luthierduquatuor.fr\/mes-metiers\/entretien-reparation\/#primaryimage"},"thumbnailUrl":"https:\/\/www.luthierduquatuor.fr\/wp-content\/uploads\/2020\/05\/IMG_8787-1024x683.jpg","datePublished":"2013-12-05T16:07:11+00:00","dateModified":"2020-12-14T17:45:23+00:00","breadcrumb":{"@id":"https:\/\/www.luthierduquatuor.fr\/mes-metiers\/entretien-reparation\/#breadcrumb"},"inLanguage":"en-GB","potentialAction":[{"@type":"ReadAction","target":["https:\/\/www.luthierduquatuor.fr\/mes-metiers\/entretien-reparation\/"]}]},{"@type":"ImageObject","inLanguage":"en-GB","@id":"https:\/\/www.luthierduquatuor.fr\/mes-metiers\/entretien-reparation\/#primaryimage","url":"https:\/\/www.luthierduquatuor.fr\/wp-content\/uploads\/2020\/05\/IMG_8787-1024x683.jpg","contentUrl":"https:\/\/www.luthierduquatuor.fr\/wp-content\/uploads\/2020\/05\/IMG_8787-1024x683.jpg"},{"@type":"BreadcrumbList","@id":"https:\/\/www.luthierduquatuor.fr\/mes-metiers\/entretien-reparation\/#breadcrumb","itemListElement":[{"@type":"ListItem","position":1,"name":"Home","item":"https:\/\/www.luthierduquatuor.fr\/en\/"},{"@type":"ListItem","position":2,"name":"Services et instruments","item":"https:\/\/www.luthierduquatuor.fr\/mes-metiers\/"},{"@type":"ListItem","position":3,"name":"Entretien- R\u00e9paration- R\u00e9glage"}]},{"@type":"WebSite","@id":"https:\/\/www.luthierduquatuor.fr\/en\/#website","url":"https:\/\/www.luthierduquatuor.fr\/en\/","name":"AG Violins","description":"Ana\u00efs Gassin - Luthier du quatuor","publisher":{"@id":"https:\/\/www.luthierduquatuor.fr\/en\/#organization"},"potentialAction":[{"@type":"SearchAction","target":{"@type":"EntryPoint","urlTemplate":"https:\/\/www.luthierduquatuor.fr\/en\/?s={search_term_string}"},"query-input":{"@type":"PropertyValueSpecification","valueRequired":true,"valueName":"search_term_string"}}],"inLanguage":"en-GB"},{"@type":"Organization","@id":"https:\/\/www.luthierduquatuor.fr\/en\/#organization","name":"AG Violins","url":"https:\/\/www.luthierduquatuor.fr\/en\/","logo":{"@type":"ImageObject","inLanguage":"en-GB","@id":"https:\/\/www.luthierduquatuor.fr\/en\/#\/schema\/logo\/image\/","url":"https:\/\/www.luthierduquatuor.fr\/wp-content\/uploads\/2020\/05\/AG_Luthier-du-Quatuor.jpg","contentUrl":"https:\/\/www.luthierduquatuor.fr\/wp-content\/uploads\/2020\/05\/AG_Luthier-du-Quatuor.jpg","width":480,"height":636,"caption":"AG Violins"},"image":{"@id":"https:\/\/www.luthierduquatuor.fr\/en\/#\/schema\/logo\/image\/"},"sameAs":["https:\/\/www.facebook.com\/luthierduquatuor\/","https:\/\/x.com\/AnaisGassin"]}]}},"jetpack_shortlink":"https:\/\/wp.me\/P3Qmw9-Ey","jetpack_sharing_enabled":true,"jetpack_likes_enabled":true,"jetpack-related-posts":[],"_links":{"self":[{"href":"https:\/\/www.luthierduquatuor.fr\/en\/wp-json\/wp\/v2\/pages\/2514","targetHints":{"allow":["GET"]}}],"collection":[{"href":"https:\/\/www.luthierduquatuor.fr\/en\/wp-json\/wp\/v2\/pages"}],"about":[{"href":"https:\/\/www.luthierduquatuor.fr\/en\/wp-json\/wp\/v2\/types\/page"}],"author":[{"embeddable":true,"href":"https:\/\/www.luthierduquatuor.fr\/en\/wp-json\/wp\/v2\/users\/1"}],"replies":[{"embeddable":true,"href":"https:\/\/www.luthierduquatuor.fr\/en\/wp-json\/wp\/v2\/comments?post=2514"}],"version-history":[{"count":0,"href":"https:\/\/www.luthierduquatuor.fr\/en\/wp-json\/wp\/v2\/pages\/2514\/revisions"}],"up":[{"embeddable":true,"href":"https:\/\/www.luthierduquatuor.fr\/en\/wp-json\/wp\/v2\/pages\/2498"}],"wp:attachment":[{"href":"https:\/\/www.luthierduquatuor.fr\/en\/wp-json\/wp\/v2\/media?parent=2514"}],"curies":[{"name":"wp","href":"https:\/\/api.w.org\/{rel}","templated":true}]}}