{"id":327,"date":"2009-12-30T15:29:38","date_gmt":"2009-12-30T14:29:38","guid":{"rendered":"http:\/\/anaislutherie.wordpress.com\/?page_id=327"},"modified":"2009-12-30T15:29:38","modified_gmt":"2009-12-30T14:29:38","slug":"documentation-recherche-lutherie-acoustique","status":"publish","type":"page","link":"https:\/\/www.luthierduquatuor.fr\/en\/annuaire-lutherie\/documentation-recherche-lutherie-acoustique\/","title":{"rendered":"Documents and research"},"content":{"rendered":"<h6><strong> <\/strong><a title=\"citedelamusique\" href=\"http:\/\/mediatheque.cite-musique.fr\/\" target=\"_blank\">Cit\u00e9 de la musique<\/a><\/h6>\n<p>221, avenue Jean-Jaur\u00e8s &#8211; 75019 Paris<br \/>\nT\u00e9l\u00e9phone : 01 44 84 45 00<br \/>\nT\u00e9l\u00e9copie : 01 44 84 45 01<\/p>\n<p>Photos et documents en ligne dans la m\u00e9diath\u00e8que accessibles par formulaire de recherche. Egalement disponibles des dossiers p\u00e9dagogiques. On trouve aussi des documents t\u00e9l\u00e9chargeables dans la section <a title=\"conservation-recherche\" href=\"http:\/\/www.citedelamusique.fr\/francais\/musee\/recherche\/conservation.aspx\" target=\"_blank\">conservation et recherche<\/a> de la section mus\u00e9e du site.<\/p>\n<h6><a title=\"Itemm\" href=\"http:\/\/www.itemm.fr\" target=\"_blank\">Itemm<\/a> Institut technologique europ\u00e9en des m\u00e9tiers de la musique<\/h6>\n<p>71, avenue Olivier Messiaen<br \/>\n72000 LE MANS &#8211; France<br \/>\nT\u00e9l\u00e9phone : 00 33 (0)2 43 39 39 00<br \/>\nFax : 00 33 (0)2 43 39 39 39<\/p>\n<h6><a title=\"LAM\" href=\"http:\/\/www.lam.jussieu.fr\/\" target=\"_blank\">LAM<\/a> Lutheries &#8211; Acoustique &#8211; Musique<\/h6>\n<p>Institut Jean Le Rond D&rsquo;Alembert<br \/>\nEquipe Lutherie Acoustique Musique,<br \/>\n11 rue de Lourmel F-75015 Paris<br \/>\nMetro: Dupleix (Ligne 6)<br \/>\nTel : (+33) (0)1.53.95.43.20<br \/>\nFax : (+33) (0)1 45 77 16 59<\/p>\n<h6><a title=\"CAS\" href=\"http:\/\/www.catgutacoustical.org\/\" target=\"_blank\">CAS<\/a> Catgut acoustical society<\/h6>\n<p>CAS Forum of the<br \/>\nViolin Society of America<\/p>\n<p>Site en anglais. Malgr\u00e9 une pr\u00e9sentation peu attrayante le site de la CAS comprend de nombreux liens int\u00e9ressants sur l&rsquo;acoustique des violons tout particuli\u00e8rement.On y retrouve \u00e9galement la liste de tous les num\u00e9ros du journal de la CAS ainsi que leur index et le r\u00e9sum\u00e9 des articles. On peut t\u00e9l\u00e9charger un formulaire pour commander ces num\u00e9ros.<\/p>\n<h6><a title=\"oberlinacoustics\" href=\"http:\/\/www.oberlinacoustics.net\/\" target=\"_blank\">Oberlinacoustics<\/a> VSA\/Oberlin Workshops<\/h6>\n<p>Site en anglais. Site fond\u00e9 pour publier et partager les \u00e9tudes faites sur l&rsquo;acoustique des instruments de la famille du violon lors des ateliers d&rsquo;acoustique organis\u00e9s par la VSA et la CAS \u00e0 Oberlin (Ohio USA). Un forum et une base de donn\u00e9es r\u00e9unissant photos, modes de vibration et autres informations sur diff\u00e9rents instruments est disponible en se connectant. Des articles sont t\u00e9l\u00e9chargeables sans se connecter et on y trouve \u00e9galement de nombreux liens.<\/p>\n<h6><a title=\"National music museum\" href=\"http:\/\/orgs.usd.edu\/nmm\/collect.html\" target=\"_blank\">National music museum<\/a><\/h6>\n<p>National Music Museum<br \/>\nThe University of South Dakota<br \/>\n414 East Clark Street<br \/>\nVermillion, SD \u00a0 57069 (USA)<\/p>\n<p>Site en anglais. Photos de la collection du mus\u00e9e qui comprend entre autre plusieurs instruments de la famille Amati et une guitare d&rsquo;Antonio Stradivari. Recherche possible par luthiers dans la section \u00ab\u00a0makers\u00a0\u00bb.<\/p>\n<h6><strong> <\/strong><a title=\"La musique fran\u00e7aise au XVIII\u00e8me si\u00e8cle\" href=\"http:\/\/sites.univ-lyon2.fr\/musiquefr-18\/index.html\" target=\"_blank\">La musique fran\u00e7aise au XVIII\u00e8me si\u00e8cle<\/a><\/h6>\n<p>Etude men\u00e9e par Myl\u00e8ne Pardoen. Inclus une section facture instrumentale.<\/p>\n<h6><a title=\"Speech, Music and Hearing\" href=\"http:\/\/www.speech.kth.se\/\" target=\"_blank\">Speech, Music and Hearing<\/a> KTH Valhallav\u00e4gen<\/h6>\n<p>Valhallav\u00e4gen 79, Stockholm<br \/>\nPostal Address: Kungl Tekniska H\u00f6gskolan, SE-100 44 STOCKHOLM (Su\u00e8de)<\/p>\n<p>En anglais. Articles t\u00e9l\u00e9chargeables sur l&rsquo;acoustique pour les facteurs d&rsquo;instruments \u00e0 cordes frott\u00e9es et pinc\u00e9es.<\/p>\n<h6><a title=\"historical music instruments\" href=\"http:\/\/www.orpheon.org\/OldSite\/Seiten\/Abra\/vazquezcoll.htm\" target=\"_blank\">The Vazquez Collection<\/a> of Historical Musical Instruments of the 16th to the 18th Centuries<\/h6>\n<p>ORPHEON FOUNDATION<br \/>\nPraterstrasse 13\/1\/3,<br \/>\nA-1020 Vienna, Austria<\/p>\n<p>Photos de la collection, avec entre autre un Nicolo Amati<\/p>\n<h6><a title=\"VandA museum instruments\" href=\"http:\/\/collections.vam.ac.uk\/search\/?offset=0&amp;limit=15&amp;narrow=0&amp;q=musical+instrument&amp;commit=Search&amp;quality=0&amp;objectnamesearch=&amp;placesearch=&amp;after=&amp;after-adbc=AD&amp;before=&amp;before-adbc=AD&amp;namesearch=&amp;materialsearch=&amp;mnsearch=&amp;locationsearch=\" target=\"_blank\">Collection d&rsquo;instruments de musique<\/a> du Victoria and Albert museum<\/h6>\n<p>V&amp;A South Kensington<br \/>\nCromwell Road<br \/>\nLondon SW7 2RL<\/p>\n<p>Photos des instruments et texte explicatif en anglais. Recherche facilit\u00e9e par le formulaire de recherche.<\/p>\n<h6><a title=\"musiques-medievales\" href=\"http:\/\/musiques-medievales.eu\" target=\"_blank\">Portail francophone des musiques m\u00e9di\u00e9vales<\/a><\/h6>\n<p>Tout sur la musique m\u00e9di\u00e9vale du r\u00e9pertoire aux instruments en passant par l&rsquo;enseignement et la diffusion.<br \/>\nA noter la page <a title=\"articles-instruments-musique-medievaux\" href=\"http:\/\/musiques-medievales.eu\/spip.php?article19\" target=\"_blank\">\u00ab\u00a0Articles concernant les instruments et leur restitution\u00a0\u00bb<\/a>, pas forc\u00e9ment tr\u00e8s facile \u00e0 trouver dans l&rsquo;arborescence, mais tr\u00e8s int\u00e9ressante.<\/p>\n<h6><a title=\"instrumentsmedievaux\" href=\"http:\/\/www.instrumentsmedievaux.org\/\" target=\"_blank\">Site instrumentsmedievaux.org<\/a><\/h6>\n<p>Malgr\u00e9 un design assez repoussant ce site rec\u00e8le de nombreuses informations sur les instruments de musique m\u00e9di\u00e9vaux. Certains articles sont \u00e9galement pr\u00e9sent sur le portail francophone des musiques m\u00e9di\u00e9vales pr\u00e9c\u00e9demment cit\u00e9.<\/p>\n<h6><a title=\"prolyra\" href=\"http:\/\/prolyra.free.fr\/\" target=\"_blank\">Pro Lyra<\/a> Laboratoire d&rsquo;organologie et arch\u00e9ologie musicale<\/h6>\n<p>Site de l&rsquo;association du m\u00eame nom qui a pour vocation de documenter, de reconstituer et de faire reconna\u00eetre les instruments, les paysages sonores et les musiques anciennes par l\u2019interm\u00e9diaire d\u2019exp\u00e9rimentations scientifiques, de concerts et de publications.<\/p>\n<p>On y trouve notamment des reconstitutions des m\u00e9thodes de fabrication de diff\u00e9rents instruments de musiques m\u00e9di\u00e9vaux et des notes historiques tr\u00e8s int\u00e9ressantes.<\/p>\n<h6><a title=\"publications-Rault\" href=\"http:\/\/prolyra.free.fr\/Christian_Rault_luthier\/pages\/30publications.htm\" target=\"_blank\">Publications de Christian Rault<\/a><\/h6>\n<p>Luthier sp\u00e9cialis\u00e9 dans les instruments de musiques m\u00e9di\u00e9vaux et orientaux, Christian Rault a publi\u00e9 de nombreux articles sur l&rsquo;histoire, l&rsquo;organologie et l&rsquo;iconographie des instruments de musiques anciens.<\/p>\n<p>Sur cette page vous trouverez un certain nombre de ses articles accessibles gratuitement.<\/p>\n<h6><a title=\"makers-dictionnary\" href=\"http:\/\/www.viaductviolins.com\/English\/Public\/MakerPubDic.php\">Viaductviolins<\/a><\/h6>\n<p>Site en anglais. Dans la page \u00ab\u00a0makers dictionnary\u00a0\u00bb vous trouverez une tr\u00e8s bonne base de donn\u00e9es comprenant la biographie et \u00e9ventuellement de belles photographies d&rsquo;instruments de nombreux luthiers notamment fran\u00e7ais. N\u00e9cessit\u00e9 de se cr\u00e9er un compte pour acc\u00e9der aux photos.<\/p>\n<h6><a title=\"documentation-Mirecourt\" href=\"http:\/\/www.luthiers-mirecourt.com\/documentation.htm\" target=\"_blank\">luthiers-mirecourt.com<\/a><\/h6>\n<p>LE site \u00e0 visiter si vous cherchez des infos sur un instrument fabriqu\u00e9 \u00e0 Mirecourt. Nombreuses informations biographiques, nombreux catalogues et \u00e9tiquettes, quelques photos d&rsquo;instruments.<\/p>\n<h6><strong><span style=\"font-size: xx-large;\"><span style=\"color: #800000;\"><br \/>\n<\/span><\/span><\/strong><\/h6>\n<h6><strong><strong><a title=\"retour_annuaire\" href=\"http:\/\/www.luthierduquatuor.fr\/en\/annuaire-lutherie\/\" target=\"_self\">&lt;- Retourner \u00e0 ANNUAIRE<\/a><\/strong><\/strong><\/h6>","protected":false},"excerpt":{"rendered":"<p>Cit\u00e9 de la musique 221, avenue Jean-Jaur\u00e8s &#8211; 75019 Paris T\u00e9l\u00e9phone : 01 44 84 45 00 T\u00e9l\u00e9copie : 01 44 84 45 01 Photos et documents en ligne dans la m\u00e9diath\u00e8que accessibles par formulaire de recherche. Egalement disponibles des dossiers p\u00e9dagogiques. On trouve aussi des documents t\u00e9l\u00e9chargeables dans la [&hellip;]<\/p>\n","protected":false},"author":1,"featured_media":0,"parent":308,"menu_order":0,"comment_status":"closed","ping_status":"closed","template":"","meta":{"footnotes":""},"class_list":["post-327","page","type-page","status-publish","hentry"],"yoast_head":"<!-- This site is optimized with the Yoast SEO plugin v27.6 - https:\/\/yoast.com\/product\/yoast-seo-wordpress\/ -->\n<title>Documentation et Recherche - AG Violins<\/title>\n<meta name=\"robots\" content=\"index, follow, max-snippet:-1, max-image-preview:large, max-video-preview:-1\" \/>\n<link rel=\"canonical\" href=\"http:\/\/www.luthierduquatuor.fr\/en\/annuaire-lutherie\/documentation-recherche-lutherie-acoustique\/\" \/>\n<meta property=\"og:locale\" content=\"en_GB\" \/>\n<meta property=\"og:type\" content=\"article\" \/>\n<meta property=\"og:title\" content=\"Documentation et Recherche - AG Violins\" \/>\n<meta property=\"og:description\" content=\"Cit\u00e9 de la musique 221, avenue Jean-Jaur\u00e8s &#8211; 75019 Paris T\u00e9l\u00e9phone : 01 44 84 45 00 T\u00e9l\u00e9copie : 01 44 84 45 01 Photos et documents en ligne dans la m\u00e9diath\u00e8que accessibles par formulaire de recherche. Egalement disponibles des dossiers p\u00e9dagogiques. On trouve aussi des documents t\u00e9l\u00e9chargeables dans la [&hellip;]\" \/>\n<meta property=\"og:url\" content=\"http:\/\/www.luthierduquatuor.fr\/en\/annuaire-lutherie\/documentation-recherche-lutherie-acoustique\/\" \/>\n<meta property=\"og:site_name\" content=\"AG Violins\" \/>\n<meta property=\"article:publisher\" content=\"https:\/\/www.facebook.com\/luthierduquatuor\/\" \/>\n<meta name=\"twitter:card\" content=\"summary_large_image\" \/>\n<meta name=\"twitter:site\" content=\"@AnaisGassin\" \/>\n<meta name=\"twitter:label1\" content=\"Estimated reading time\" \/>\n\t<meta name=\"twitter:data1\" content=\"4 minutes\" \/>\n<script type=\"application\/ld+json\" class=\"yoast-schema-graph\">{\"@context\":\"https:\\\/\\\/schema.org\",\"@graph\":[{\"@type\":\"WebPage\",\"@id\":\"http:\\\/\\\/www.luthierduquatuor.fr\\\/en\\\/annuaire-lutherie\\\/documentation-recherche-lutherie-acoustique\\\/\",\"url\":\"http:\\\/\\\/www.luthierduquatuor.fr\\\/en\\\/annuaire-lutherie\\\/documentation-recherche-lutherie-acoustique\\\/\",\"name\":\"Documentation et Recherche - AG Violins\",\"isPartOf\":{\"@id\":\"https:\\\/\\\/www.luthierduquatuor.fr\\\/en\\\/#website\"},\"datePublished\":\"2009-12-30T14:29:38+00:00\",\"breadcrumb\":{\"@id\":\"http:\\\/\\\/www.luthierduquatuor.fr\\\/en\\\/annuaire-lutherie\\\/documentation-recherche-lutherie-acoustique\\\/#breadcrumb\"},\"inLanguage\":\"en-GB\",\"potentialAction\":[{\"@type\":\"ReadAction\",\"target\":[\"http:\\\/\\\/www.luthierduquatuor.fr\\\/en\\\/annuaire-lutherie\\\/documentation-recherche-lutherie-acoustique\\\/\"]}]},{\"@type\":\"BreadcrumbList\",\"@id\":\"http:\\\/\\\/www.luthierduquatuor.fr\\\/en\\\/annuaire-lutherie\\\/documentation-recherche-lutherie-acoustique\\\/#breadcrumb\",\"itemListElement\":[{\"@type\":\"ListItem\",\"position\":1,\"name\":\"Home\",\"item\":\"https:\\\/\\\/www.luthierduquatuor.fr\\\/en\\\/\"},{\"@type\":\"ListItem\",\"position\":2,\"name\":\"Annuaire\",\"item\":\"http:\\\/\\\/www.luthierduquatuor.fr\\\/en\\\/annuaire-lutherie\\\/\"},{\"@type\":\"ListItem\",\"position\":3,\"name\":\"Documentation et Recherche\"}]},{\"@type\":\"WebSite\",\"@id\":\"https:\\\/\\\/www.luthierduquatuor.fr\\\/en\\\/#website\",\"url\":\"https:\\\/\\\/www.luthierduquatuor.fr\\\/en\\\/\",\"name\":\"AG Violins\",\"description\":\"Ana\u00efs Gassin - Luthier du quatuor\",\"publisher\":{\"@id\":\"https:\\\/\\\/www.luthierduquatuor.fr\\\/en\\\/#organization\"},\"potentialAction\":[{\"@type\":\"SearchAction\",\"target\":{\"@type\":\"EntryPoint\",\"urlTemplate\":\"https:\\\/\\\/www.luthierduquatuor.fr\\\/en\\\/?s={search_term_string}\"},\"query-input\":{\"@type\":\"PropertyValueSpecification\",\"valueRequired\":true,\"valueName\":\"search_term_string\"}}],\"inLanguage\":\"en-GB\"},{\"@type\":\"Organization\",\"@id\":\"https:\\\/\\\/www.luthierduquatuor.fr\\\/en\\\/#organization\",\"name\":\"AG Violins\",\"url\":\"https:\\\/\\\/www.luthierduquatuor.fr\\\/en\\\/\",\"logo\":{\"@type\":\"ImageObject\",\"inLanguage\":\"en-GB\",\"@id\":\"https:\\\/\\\/www.luthierduquatuor.fr\\\/en\\\/#\\\/schema\\\/logo\\\/image\\\/\",\"url\":\"https:\\\/\\\/www.luthierduquatuor.fr\\\/wp-content\\\/uploads\\\/2020\\\/05\\\/AG_Luthier-du-Quatuor.jpg\",\"contentUrl\":\"https:\\\/\\\/www.luthierduquatuor.fr\\\/wp-content\\\/uploads\\\/2020\\\/05\\\/AG_Luthier-du-Quatuor.jpg\",\"width\":480,\"height\":636,\"caption\":\"AG Violins\"},\"image\":{\"@id\":\"https:\\\/\\\/www.luthierduquatuor.fr\\\/en\\\/#\\\/schema\\\/logo\\\/image\\\/\"},\"sameAs\":[\"https:\\\/\\\/www.facebook.com\\\/luthierduquatuor\\\/\",\"https:\\\/\\\/x.com\\\/AnaisGassin\"]}]}<\/script>\n<!-- \/ Yoast SEO plugin. -->","yoast_head_json":{"title":"Documentation et Recherche - AG Violins","robots":{"index":"index","follow":"follow","max-snippet":"max-snippet:-1","max-image-preview":"max-image-preview:large","max-video-preview":"max-video-preview:-1"},"canonical":"http:\/\/www.luthierduquatuor.fr\/en\/annuaire-lutherie\/documentation-recherche-lutherie-acoustique\/","og_locale":"en_GB","og_type":"article","og_title":"Documentation et Recherche - AG Violins","og_description":"Cit\u00e9 de la musique 221, avenue Jean-Jaur\u00e8s &#8211; 75019 Paris T\u00e9l\u00e9phone : 01 44 84 45 00 T\u00e9l\u00e9copie : 01 44 84 45 01 Photos et documents en ligne dans la m\u00e9diath\u00e8que accessibles par formulaire de recherche. Egalement disponibles des dossiers p\u00e9dagogiques. On trouve aussi des documents t\u00e9l\u00e9chargeables dans la [&hellip;]","og_url":"http:\/\/www.luthierduquatuor.fr\/en\/annuaire-lutherie\/documentation-recherche-lutherie-acoustique\/","og_site_name":"AG Violins","article_publisher":"https:\/\/www.facebook.com\/luthierduquatuor\/","twitter_card":"summary_large_image","twitter_site":"@AnaisGassin","twitter_misc":{"Estimated reading time":"4 minutes"},"schema":{"@context":"https:\/\/schema.org","@graph":[{"@type":"WebPage","@id":"http:\/\/www.luthierduquatuor.fr\/en\/annuaire-lutherie\/documentation-recherche-lutherie-acoustique\/","url":"http:\/\/www.luthierduquatuor.fr\/en\/annuaire-lutherie\/documentation-recherche-lutherie-acoustique\/","name":"Documentation et Recherche - AG Violins","isPartOf":{"@id":"https:\/\/www.luthierduquatuor.fr\/en\/#website"},"datePublished":"2009-12-30T14:29:38+00:00","breadcrumb":{"@id":"http:\/\/www.luthierduquatuor.fr\/en\/annuaire-lutherie\/documentation-recherche-lutherie-acoustique\/#breadcrumb"},"inLanguage":"en-GB","potentialAction":[{"@type":"ReadAction","target":["http:\/\/www.luthierduquatuor.fr\/en\/annuaire-lutherie\/documentation-recherche-lutherie-acoustique\/"]}]},{"@type":"BreadcrumbList","@id":"http:\/\/www.luthierduquatuor.fr\/en\/annuaire-lutherie\/documentation-recherche-lutherie-acoustique\/#breadcrumb","itemListElement":[{"@type":"ListItem","position":1,"name":"Home","item":"https:\/\/www.luthierduquatuor.fr\/en\/"},{"@type":"ListItem","position":2,"name":"Annuaire","item":"http:\/\/www.luthierduquatuor.fr\/en\/annuaire-lutherie\/"},{"@type":"ListItem","position":3,"name":"Documentation et Recherche"}]},{"@type":"WebSite","@id":"https:\/\/www.luthierduquatuor.fr\/en\/#website","url":"https:\/\/www.luthierduquatuor.fr\/en\/","name":"AG Violins","description":"Ana\u00efs Gassin - Luthier du quatuor","publisher":{"@id":"https:\/\/www.luthierduquatuor.fr\/en\/#organization"},"potentialAction":[{"@type":"SearchAction","target":{"@type":"EntryPoint","urlTemplate":"https:\/\/www.luthierduquatuor.fr\/en\/?s={search_term_string}"},"query-input":{"@type":"PropertyValueSpecification","valueRequired":true,"valueName":"search_term_string"}}],"inLanguage":"en-GB"},{"@type":"Organization","@id":"https:\/\/www.luthierduquatuor.fr\/en\/#organization","name":"AG Violins","url":"https:\/\/www.luthierduquatuor.fr\/en\/","logo":{"@type":"ImageObject","inLanguage":"en-GB","@id":"https:\/\/www.luthierduquatuor.fr\/en\/#\/schema\/logo\/image\/","url":"https:\/\/www.luthierduquatuor.fr\/wp-content\/uploads\/2020\/05\/AG_Luthier-du-Quatuor.jpg","contentUrl":"https:\/\/www.luthierduquatuor.fr\/wp-content\/uploads\/2020\/05\/AG_Luthier-du-Quatuor.jpg","width":480,"height":636,"caption":"AG Violins"},"image":{"@id":"https:\/\/www.luthierduquatuor.fr\/en\/#\/schema\/logo\/image\/"},"sameAs":["https:\/\/www.facebook.com\/luthierduquatuor\/","https:\/\/x.com\/AnaisGassin"]}]}},"jetpack_shortlink":"https:\/\/wp.me\/P3Qmw9-5h","jetpack_sharing_enabled":true,"jetpack_likes_enabled":true,"jetpack-related-posts":[],"_links":{"self":[{"href":"https:\/\/www.luthierduquatuor.fr\/en\/wp-json\/wp\/v2\/pages\/327","targetHints":{"allow":["GET"]}}],"collection":[{"href":"https:\/\/www.luthierduquatuor.fr\/en\/wp-json\/wp\/v2\/pages"}],"about":[{"href":"https:\/\/www.luthierduquatuor.fr\/en\/wp-json\/wp\/v2\/types\/page"}],"author":[{"embeddable":true,"href":"https:\/\/www.luthierduquatuor.fr\/en\/wp-json\/wp\/v2\/users\/1"}],"replies":[{"embeddable":true,"href":"https:\/\/www.luthierduquatuor.fr\/en\/wp-json\/wp\/v2\/comments?post=327"}],"version-history":[{"count":0,"href":"https:\/\/www.luthierduquatuor.fr\/en\/wp-json\/wp\/v2\/pages\/327\/revisions"}],"up":[{"embeddable":true,"href":"https:\/\/www.luthierduquatuor.fr\/en\/wp-json\/wp\/v2\/pages\/308"}],"wp:attachment":[{"href":"https:\/\/www.luthierduquatuor.fr\/en\/wp-json\/wp\/v2\/media?parent=327"}],"curies":[{"name":"wp","href":"https:\/\/api.w.org\/{rel}","templated":true}]}}