{"id":348,"date":"2009-12-30T17:55:57","date_gmt":"2009-12-30T16:55:57","guid":{"rendered":"http:\/\/anaislutherie.wordpress.com\/?page_id=348"},"modified":"2013-02-23T22:15:50","modified_gmt":"2013-02-23T22:15:50","slug":"instruments-musique-piano-guitare-accordeon-vent-bois","status":"publish","type":"page","link":"https:\/\/www.luthierduquatuor.fr\/en\/annuaire-lutherie\/ecoles-lutherie-facture-instrumentale\/instruments-musique-piano-guitare-accordeon-vent-bois\/","title":{"rendered":"Other instruments"},"content":{"rendered":"<h6><a title=\"Itemm\" href=\"http:\/\/www.itemm.fr\/site2\/index.php\" target=\"_blank\">Itemm<\/a> Institut technologique europ\u00e9en des m\u00e9tiers de la musique<\/h6>\n<p>=&gt; Piano (<a title=\"cappiano\" href=\"http:\/\/www.itemm.fr\/site2\/page.php?pp=9\" target=\"_blank\">repair services<\/a> and <a title=\"capaccord\" href=\"http:\/\/www.itemm.fr\/site2\/page.php?pp=15\" target=\"_blank\">accord<\/a>), <a title=\"capaccord\u00e9on\" href=\"http:\/\/www.itemm.fr\/site2\/page.php?pp=498\" target=\"_blank\">accord\u00e9on<\/a>, <a title=\"capguitare\" href=\"http:\/\/www.itemm.fr\/site2\/page.php?pp=8\" target=\"_blank\">guitare<\/a> and <a title=\"capvents\" href=\"http:\/\/www.itemm.fr\/site2\/page.php?pp=11\" target=\"_blank\">instruments \u00e0 vent<\/a><\/p>\n<p>L&rsquo;Itemm propose des formations en temps plein, alternance, ainsi que de la formation continue.<strong><br \/>\n<\/strong><\/p>\n<p>71, avenue Olivier Messiaen<br \/>\n72000 LE MANS &#8211; France<br \/>\nt\u00e9l\u00e9phone : 00 33 (0)2 43 39 39 00<br \/>\n<a href=\"mailto:contact@itemm.fr\" target=\"_externe\">contact@itemm.fr<\/a><\/p>\n<h6><a title=\"Mittenwald\" href=\"http:\/\/www.instrumentenbauschule.eu\/willkommen.html\" target=\"_blank\">Staatliche Berufsfachschule Mittenwald<\/a><\/h6>\n<p>=&gt;<a title=\"zupfinstrumentenbau\" href=\"http:\/\/www.instrumentenbauschule.eu\/zupfinstrumentenbau.html\" target=\"_blank\">instruments \u00e0 cordes pinc\u00e9es<\/a>, <a title=\"holzblasinstrumentenbau\" href=\"http:\/\/www.instrumentenbauschule.eu\/holzblasinstrumentenbau.html\" target=\"_blank\">bois<\/a> (clarinette, hautbois&#8230;) et <a title=\"metallblasinstrumentenbau\" href=\"http:\/\/www.instrumentenbauschule.eu\/metallblasinstrumentenbau.html\" target=\"_blank\">cuivres<\/a> (trompette, cor&#8230;)<\/p>\n<p>Formation en temps plein ou en apprentissagesauf pour la facture des bois qui ne se fait qu&rsquo;en apprentissage<strong>.<br \/>\n<\/strong><\/p>\n<p>Staatliche Berufsschule und<br \/>\nBerufsfachschule Mittenwald<br \/>\nPartenkirchner Stra\u00dfe 24<br \/>\nD-82481 Mittenwald Allemagne<br \/>\nTelefon+49 8823 1353<br \/>\nE-Mail: <a href=\"mailto:info@instrumentenbauschule.eu\">info@instrumentenbauschule.eu<\/a><br \/>\nTelefax +49 8823 4491<\/p>\n<h6><a title=\"Newarkguitar\" href=\"http:\/\/www.lincolncollege.ac.uk\/courses\/guitar-instrument-making-and-repair\" target=\"_blank\">Newark and Sherwood College<\/a><\/h6>\n<p>=&gt; <a title=\"pianomaking\" href=\"http:\/\/www.lincolncollege.ac.uk\/courses\/piano-tuning-maintenance-and-repair\" target=\"_blank\">Piano<\/a>, <a title=\"classicalguitar\" href=\"http:\/\/www.lincolncollege.ac.uk\/courses\/guitar-instrument-making-and-repair\" target=\"_blank\">guitare classique<\/a> and <a title=\"woodwind\" href=\"http:\/\/www.lincolncollege.ac.uk\/courses\/woodwind-instrument-making-and-repair\" target=\"_blank\">bois<\/a> (flute, clarinette, saxophone&#8230;)<\/p>\n<p>Formation \u00e0 temps plein<\/p>\n<p>Newark College<br \/>\nFriary Road Newark Nottinghamshire<br \/>\nNG24 1PB Angleterre<br \/>\nTel: 01636 680680<br \/>\nFax: 01636 680681<br \/>\nEmail: <a href=\"mailto:enquiries@newark.ac.uk\">enquiries@newark.ac.uk<\/a><br \/>\nContact School: School of Sport, Media and the Arts<br \/>\nContact Number: 00 44 (0)1522 876394<br \/>\nContact Email: <a href=\"mailto:jhyde@lincolncollege.ac.uk\">jhyde@lincolncollege.ac.uk<\/a><\/p>\n<h6><a title=\"ecole-lutherie-milan\" href=\"http:\/\/www.civicascuoladiliuteria.it\/\" target=\"_blank\">Civica Scuola di Liuteria<\/a><\/h6>\n<p>=&gt; instruments \u00e0 cordes pinc\u00e9es<br \/>\nFormation \u00e0 temps plein<\/p>\n<p>Via Noto 4- 20141 Milano Italie<br \/>\ntel. +39 0257409945<br \/>\nfax. +39 0257402838<br \/>\nemail:info@civicascuoladiliuteria.it<\/p>\n<h6><a title=\"ecole-lutherie-quebec\" href=\"http:\/\/www.ecolenationaledelutherie.com\/\" target=\"_blank\">\u00a0Ecole nationale de lutherie (Qu\u00e9bec) :<\/a><\/h6>\n<p>=&gt; instruments \u00e0 cordes pinc\u00e9es<\/p>\n<p>Centre de formation et de consultation en m\u00e9tiers d&rsquo;art \u2013 C\u00e9gep Limoilou<br \/>\nPavillon des m\u00e9tiers d\u2019art<br \/>\n299, 3e Avenue<br \/>\nQu\u00e9bec (Qu\u00e9bec)<br \/>\nG1L 2V7<br \/>\nT\u00e9l\u00e9phone : 418-647-0567<br \/>\nT\u00e9l\u00e9copieur : 418-647-4880<br \/>\nCourriel :<br \/>\nJean-Louis Bouchard, directeur :jlbouchard@metierdart.com<br \/>\nBlanche L\u00e9onard, coordonnatrice : bleonard@metierdart.com<\/p>\n<h6><strong><strong><strong><strong><strong><strong><strong><strong><a title=\"retour_ecoles-lutherie-facture-instrumentale\" href=\"http:\/\/www.luthierduquatuor.fr\/en\/annuaire-lutherie\/ecoles-lutherie-facture-instrumentale\/\" target=\"_self\">&lt;- Retourner \u00e0 ECOLES DE FACTURE INSTRUMENTALE<\/a><\/strong><\/strong><\/strong><\/strong><\/strong><\/strong><\/strong><\/strong><\/h6>","protected":false},"excerpt":{"rendered":"<p>Itemm Institut technologique europ\u00e9en des m\u00e9tiers de la musique =&gt; Piano (r\u00e9paration et accord), accord\u00e9on, guitare et instruments \u00e0 vent L&rsquo;Itemm propose des formations en temps plein, alternance, ainsi que de la formation continue. 71, avenue Olivier Messiaen 72000 LE MANS &#8211; France t\u00e9l\u00e9phone : 00 33 (0)2 43 39 [&hellip;]<\/p>\n","protected":false},"author":1,"featured_media":0,"parent":332,"menu_order":2,"comment_status":"closed","ping_status":"closed","template":"","meta":{"footnotes":""},"class_list":["post-348","page","type-page","status-publish","hentry"],"yoast_head":"<!-- This site is optimized with the Yoast SEO plugin v27.3 - https:\/\/yoast.com\/product\/yoast-seo-wordpress\/ -->\n<title>Autres instruments  - AG Violins<\/title>\n<meta name=\"robots\" content=\"index, follow, max-snippet:-1, max-image-preview:large, max-video-preview:-1\" \/>\n<link rel=\"canonical\" href=\"http:\/\/www.luthierduquatuor.fr\/en\/annuaire-lutherie\/ecoles-lutherie-facture-instrumentale\/instruments-musique-piano-guitare-accordeon-vent-bois\/\" \/>\n<meta property=\"og:locale\" content=\"en_GB\" \/>\n<meta property=\"og:type\" content=\"article\" \/>\n<meta property=\"og:title\" content=\"Autres instruments  - AG Violins\" \/>\n<meta property=\"og:description\" content=\"Itemm Institut technologique europ\u00e9en des m\u00e9tiers de la musique =&gt; Piano (r\u00e9paration et accord), accord\u00e9on, guitare et instruments \u00e0 vent L&rsquo;Itemm propose des formations en temps plein, alternance, ainsi que de la formation continue. 71, avenue Olivier Messiaen 72000 LE MANS &#8211; France t\u00e9l\u00e9phone : 00 33 (0)2 43 39 [&hellip;]\" \/>\n<meta property=\"og:url\" content=\"http:\/\/www.luthierduquatuor.fr\/en\/annuaire-lutherie\/ecoles-lutherie-facture-instrumentale\/instruments-musique-piano-guitare-accordeon-vent-bois\/\" \/>\n<meta property=\"og:site_name\" content=\"AG Violins\" \/>\n<meta property=\"article:publisher\" content=\"https:\/\/www.facebook.com\/luthierduquatuor\/\" \/>\n<meta property=\"article:modified_time\" content=\"2013-02-23T22:15:50+00:00\" \/>\n<meta name=\"twitter:card\" content=\"summary_large_image\" \/>\n<meta name=\"twitter:site\" content=\"@AnaisGassin\" \/>\n<meta name=\"twitter:label1\" content=\"Estimated reading time\" \/>\n\t<meta name=\"twitter:data1\" content=\"1 minute\" \/>\n<script type=\"application\/ld+json\" class=\"yoast-schema-graph\">{\"@context\":\"https:\\\/\\\/schema.org\",\"@graph\":[{\"@type\":\"WebPage\",\"@id\":\"http:\\\/\\\/www.luthierduquatuor.fr\\\/en\\\/annuaire-lutherie\\\/ecoles-lutherie-facture-instrumentale\\\/instruments-musique-piano-guitare-accordeon-vent-bois\\\/\",\"url\":\"http:\\\/\\\/www.luthierduquatuor.fr\\\/en\\\/annuaire-lutherie\\\/ecoles-lutherie-facture-instrumentale\\\/instruments-musique-piano-guitare-accordeon-vent-bois\\\/\",\"name\":\"Autres instruments - AG Violins\",\"isPartOf\":{\"@id\":\"https:\\\/\\\/www.luthierduquatuor.fr\\\/en\\\/#website\"},\"datePublished\":\"2009-12-30T16:55:57+00:00\",\"dateModified\":\"2013-02-23T22:15:50+00:00\",\"breadcrumb\":{\"@id\":\"http:\\\/\\\/www.luthierduquatuor.fr\\\/en\\\/annuaire-lutherie\\\/ecoles-lutherie-facture-instrumentale\\\/instruments-musique-piano-guitare-accordeon-vent-bois\\\/#breadcrumb\"},\"inLanguage\":\"en-GB\",\"potentialAction\":[{\"@type\":\"ReadAction\",\"target\":[\"http:\\\/\\\/www.luthierduquatuor.fr\\\/en\\\/annuaire-lutherie\\\/ecoles-lutherie-facture-instrumentale\\\/instruments-musique-piano-guitare-accordeon-vent-bois\\\/\"]}]},{\"@type\":\"BreadcrumbList\",\"@id\":\"http:\\\/\\\/www.luthierduquatuor.fr\\\/en\\\/annuaire-lutherie\\\/ecoles-lutherie-facture-instrumentale\\\/instruments-musique-piano-guitare-accordeon-vent-bois\\\/#breadcrumb\",\"itemListElement\":[{\"@type\":\"ListItem\",\"position\":1,\"name\":\"Home\",\"item\":\"https:\\\/\\\/www.luthierduquatuor.fr\\\/en\\\/\"},{\"@type\":\"ListItem\",\"position\":2,\"name\":\"Annuaire\",\"item\":\"http:\\\/\\\/www.luthierduquatuor.fr\\\/en\\\/annuaire-lutherie\\\/\"},{\"@type\":\"ListItem\",\"position\":3,\"name\":\"Ecoles de facture instrumentale\",\"item\":\"http:\\\/\\\/www.luthierduquatuor.fr\\\/en\\\/annuaire-lutherie\\\/ecoles-lutherie-facture-instrumentale\\\/\"},{\"@type\":\"ListItem\",\"position\":4,\"name\":\"Autres instruments\"}]},{\"@type\":\"WebSite\",\"@id\":\"https:\\\/\\\/www.luthierduquatuor.fr\\\/en\\\/#website\",\"url\":\"https:\\\/\\\/www.luthierduquatuor.fr\\\/en\\\/\",\"name\":\"AG Violins\",\"description\":\"Ana\u00efs Gassin - Luthier du quatuor\",\"publisher\":{\"@id\":\"https:\\\/\\\/www.luthierduquatuor.fr\\\/en\\\/#organization\"},\"potentialAction\":[{\"@type\":\"SearchAction\",\"target\":{\"@type\":\"EntryPoint\",\"urlTemplate\":\"https:\\\/\\\/www.luthierduquatuor.fr\\\/en\\\/?s={search_term_string}\"},\"query-input\":{\"@type\":\"PropertyValueSpecification\",\"valueRequired\":true,\"valueName\":\"search_term_string\"}}],\"inLanguage\":\"en-GB\"},{\"@type\":\"Organization\",\"@id\":\"https:\\\/\\\/www.luthierduquatuor.fr\\\/en\\\/#organization\",\"name\":\"AG Violins\",\"url\":\"https:\\\/\\\/www.luthierduquatuor.fr\\\/en\\\/\",\"logo\":{\"@type\":\"ImageObject\",\"inLanguage\":\"en-GB\",\"@id\":\"https:\\\/\\\/www.luthierduquatuor.fr\\\/en\\\/#\\\/schema\\\/logo\\\/image\\\/\",\"url\":\"https:\\\/\\\/www.luthierduquatuor.fr\\\/wp-content\\\/uploads\\\/2020\\\/05\\\/AG_Luthier-du-Quatuor.jpg\",\"contentUrl\":\"https:\\\/\\\/www.luthierduquatuor.fr\\\/wp-content\\\/uploads\\\/2020\\\/05\\\/AG_Luthier-du-Quatuor.jpg\",\"width\":480,\"height\":636,\"caption\":\"AG Violins\"},\"image\":{\"@id\":\"https:\\\/\\\/www.luthierduquatuor.fr\\\/en\\\/#\\\/schema\\\/logo\\\/image\\\/\"},\"sameAs\":[\"https:\\\/\\\/www.facebook.com\\\/luthierduquatuor\\\/\",\"https:\\\/\\\/x.com\\\/AnaisGassin\"]}]}<\/script>\n<!-- \/ Yoast SEO plugin. -->","yoast_head_json":{"title":"Autres instruments  - AG Violins","robots":{"index":"index","follow":"follow","max-snippet":"max-snippet:-1","max-image-preview":"max-image-preview:large","max-video-preview":"max-video-preview:-1"},"canonical":"http:\/\/www.luthierduquatuor.fr\/en\/annuaire-lutherie\/ecoles-lutherie-facture-instrumentale\/instruments-musique-piano-guitare-accordeon-vent-bois\/","og_locale":"en_GB","og_type":"article","og_title":"Autres instruments  - AG Violins","og_description":"Itemm Institut technologique europ\u00e9en des m\u00e9tiers de la musique =&gt; Piano (r\u00e9paration et accord), accord\u00e9on, guitare et instruments \u00e0 vent L&rsquo;Itemm propose des formations en temps plein, alternance, ainsi que de la formation continue. 71, avenue Olivier Messiaen 72000 LE MANS &#8211; France t\u00e9l\u00e9phone : 00 33 (0)2 43 39 [&hellip;]","og_url":"http:\/\/www.luthierduquatuor.fr\/en\/annuaire-lutherie\/ecoles-lutherie-facture-instrumentale\/instruments-musique-piano-guitare-accordeon-vent-bois\/","og_site_name":"AG Violins","article_publisher":"https:\/\/www.facebook.com\/luthierduquatuor\/","article_modified_time":"2013-02-23T22:15:50+00:00","twitter_card":"summary_large_image","twitter_site":"@AnaisGassin","twitter_misc":{"Estimated reading time":"1 minute"},"schema":{"@context":"https:\/\/schema.org","@graph":[{"@type":"WebPage","@id":"http:\/\/www.luthierduquatuor.fr\/en\/annuaire-lutherie\/ecoles-lutherie-facture-instrumentale\/instruments-musique-piano-guitare-accordeon-vent-bois\/","url":"http:\/\/www.luthierduquatuor.fr\/en\/annuaire-lutherie\/ecoles-lutherie-facture-instrumentale\/instruments-musique-piano-guitare-accordeon-vent-bois\/","name":"Autres instruments - AG Violins","isPartOf":{"@id":"https:\/\/www.luthierduquatuor.fr\/en\/#website"},"datePublished":"2009-12-30T16:55:57+00:00","dateModified":"2013-02-23T22:15:50+00:00","breadcrumb":{"@id":"http:\/\/www.luthierduquatuor.fr\/en\/annuaire-lutherie\/ecoles-lutherie-facture-instrumentale\/instruments-musique-piano-guitare-accordeon-vent-bois\/#breadcrumb"},"inLanguage":"en-GB","potentialAction":[{"@type":"ReadAction","target":["http:\/\/www.luthierduquatuor.fr\/en\/annuaire-lutherie\/ecoles-lutherie-facture-instrumentale\/instruments-musique-piano-guitare-accordeon-vent-bois\/"]}]},{"@type":"BreadcrumbList","@id":"http:\/\/www.luthierduquatuor.fr\/en\/annuaire-lutherie\/ecoles-lutherie-facture-instrumentale\/instruments-musique-piano-guitare-accordeon-vent-bois\/#breadcrumb","itemListElement":[{"@type":"ListItem","position":1,"name":"Home","item":"https:\/\/www.luthierduquatuor.fr\/en\/"},{"@type":"ListItem","position":2,"name":"Annuaire","item":"http:\/\/www.luthierduquatuor.fr\/en\/annuaire-lutherie\/"},{"@type":"ListItem","position":3,"name":"Ecoles de facture instrumentale","item":"http:\/\/www.luthierduquatuor.fr\/en\/annuaire-lutherie\/ecoles-lutherie-facture-instrumentale\/"},{"@type":"ListItem","position":4,"name":"Autres instruments"}]},{"@type":"WebSite","@id":"https:\/\/www.luthierduquatuor.fr\/en\/#website","url":"https:\/\/www.luthierduquatuor.fr\/en\/","name":"AG Violins","description":"Ana\u00efs Gassin - Luthier du quatuor","publisher":{"@id":"https:\/\/www.luthierduquatuor.fr\/en\/#organization"},"potentialAction":[{"@type":"SearchAction","target":{"@type":"EntryPoint","urlTemplate":"https:\/\/www.luthierduquatuor.fr\/en\/?s={search_term_string}"},"query-input":{"@type":"PropertyValueSpecification","valueRequired":true,"valueName":"search_term_string"}}],"inLanguage":"en-GB"},{"@type":"Organization","@id":"https:\/\/www.luthierduquatuor.fr\/en\/#organization","name":"AG Violins","url":"https:\/\/www.luthierduquatuor.fr\/en\/","logo":{"@type":"ImageObject","inLanguage":"en-GB","@id":"https:\/\/www.luthierduquatuor.fr\/en\/#\/schema\/logo\/image\/","url":"https:\/\/www.luthierduquatuor.fr\/wp-content\/uploads\/2020\/05\/AG_Luthier-du-Quatuor.jpg","contentUrl":"https:\/\/www.luthierduquatuor.fr\/wp-content\/uploads\/2020\/05\/AG_Luthier-du-Quatuor.jpg","width":480,"height":636,"caption":"AG Violins"},"image":{"@id":"https:\/\/www.luthierduquatuor.fr\/en\/#\/schema\/logo\/image\/"},"sameAs":["https:\/\/www.facebook.com\/luthierduquatuor\/","https:\/\/x.com\/AnaisGassin"]}]}},"jetpack_shortlink":"https:\/\/wp.me\/P3Qmw9-5C","jetpack_sharing_enabled":true,"jetpack_likes_enabled":true,"jetpack-related-posts":[],"_links":{"self":[{"href":"https:\/\/www.luthierduquatuor.fr\/en\/wp-json\/wp\/v2\/pages\/348","targetHints":{"allow":["GET"]}}],"collection":[{"href":"https:\/\/www.luthierduquatuor.fr\/en\/wp-json\/wp\/v2\/pages"}],"about":[{"href":"https:\/\/www.luthierduquatuor.fr\/en\/wp-json\/wp\/v2\/types\/page"}],"author":[{"embeddable":true,"href":"https:\/\/www.luthierduquatuor.fr\/en\/wp-json\/wp\/v2\/users\/1"}],"replies":[{"embeddable":true,"href":"https:\/\/www.luthierduquatuor.fr\/en\/wp-json\/wp\/v2\/comments?post=348"}],"version-history":[{"count":0,"href":"https:\/\/www.luthierduquatuor.fr\/en\/wp-json\/wp\/v2\/pages\/348\/revisions"}],"up":[{"embeddable":true,"href":"https:\/\/www.luthierduquatuor.fr\/en\/wp-json\/wp\/v2\/pages\/332"}],"wp:attachment":[{"href":"https:\/\/www.luthierduquatuor.fr\/en\/wp-json\/wp\/v2\/media?parent=348"}],"curies":[{"name":"wp","href":"https:\/\/api.w.org\/{rel}","templated":true}]}}