{"id":704,"date":"2009-11-01T20:52:34","date_gmt":"2009-11-01T18:52:34","guid":{"rendered":"http:\/\/anaislutherie.wordpress.com\/?page_id=5"},"modified":"2024-08-14T05:39:20","modified_gmt":"2024-08-14T04:39:20","slug":"presentation-luthier-fabrication-violon-alto-violoncelle","status":"publish","type":"page","link":"https:\/\/www.luthierduquatuor.fr\/en\/presentation-luthier-fabrication-violon-alto-violoncelle\/","title":{"rendered":"About"},"content":{"rendered":"<figure class=\"wp-block-embed is-type-rich is-provider-prise-en-charge-des-contenus-embarques wp-block-embed-prise-en-charge-des-contenus-embarques\"><div class=\"wp-block-embed__wrapper\">\n<iframe loading=\"lazy\" title=\"Mode Portrait - Anais Gassin\" src=\"https:\/\/player.vimeo.com\/video\/520992058?dnt=1&amp;app_id=122963\" width=\"750\" height=\"422\" frameborder=\"0\" allow=\"autoplay; fullscreen; picture-in-picture; clipboard-write\"><\/iframe> \n<\/div><\/figure>\n\n\n\n<p><\/p>\n\n\n<div class=\"wp-block-image\">\n<figure class=\"alignleft is-resized\"><a href=\"https:\/\/www.luthierduquatuor.fr\/en\/presentation-luthier-fabrication-violon-alto-violoncelle\/img_8755\/\" rel=\"attachment wp-att-2976\"><img data-recalc-dims=\"1\" loading=\"lazy\" decoding=\"async\" width=\"750\" height=\"500\" data-attachment-id=\"2976\" data-permalink=\"https:\/\/www.luthierduquatuor.fr\/en\/presentation-luthier-fabrication-violon-alto-violoncelle\/img_8755\/\" data-orig-file=\"https:\/\/i0.wp.com\/www.luthierduquatuor.fr\/wp-content\/uploads\/2020\/05\/IMG_8755-scaled.jpg?fit=2560%2C1706&amp;ssl=1\" data-orig-size=\"2560,1706\" data-comments-opened=\"1\" data-image-meta=\"{&quot;aperture&quot;:&quot;3.5&quot;,&quot;credit&quot;:&quot;Picasa&quot;,&quot;camera&quot;:&quot;Canon EOS 70D&quot;,&quot;caption&quot;:&quot;&quot;,&quot;created_timestamp&quot;:&quot;1550941764&quot;,&quot;copyright&quot;:&quot;&quot;,&quot;focal_length&quot;:&quot;20&quot;,&quot;iso&quot;:&quot;160&quot;,&quot;shutter_speed&quot;:&quot;0.025&quot;,&quot;title&quot;:&quot;&quot;,&quot;orientation&quot;:&quot;0&quot;}\" data-image-title=\"Anais_luthier\" data-image-description=\"\" data-image-caption=\"\" data-large-file=\"https:\/\/i0.wp.com\/www.luthierduquatuor.fr\/wp-content\/uploads\/2020\/05\/IMG_8755-scaled.jpg?fit=750%2C500&amp;ssl=1\" src=\"https:\/\/i0.wp.com\/www.luthierduquatuor.fr\/wp-content\/uploads\/2020\/05\/IMG_8755-scaled.jpg?resize=750%2C500&#038;ssl=1\" alt=\"Anais luthier\" class=\"wp-image-2976\" style=\"width:336px;height:224px\" srcset=\"https:\/\/i0.wp.com\/www.luthierduquatuor.fr\/wp-content\/uploads\/2020\/05\/IMG_8755-scaled.jpg?w=2560&amp;ssl=1 2560w, https:\/\/i0.wp.com\/www.luthierduquatuor.fr\/wp-content\/uploads\/2020\/05\/IMG_8755-scaled.jpg?resize=300%2C200&amp;ssl=1 300w, https:\/\/i0.wp.com\/www.luthierduquatuor.fr\/wp-content\/uploads\/2020\/05\/IMG_8755-scaled.jpg?resize=1024%2C682&amp;ssl=1 1024w, https:\/\/i0.wp.com\/www.luthierduquatuor.fr\/wp-content\/uploads\/2020\/05\/IMG_8755-scaled.jpg?resize=150%2C100&amp;ssl=1 150w, https:\/\/i0.wp.com\/www.luthierduquatuor.fr\/wp-content\/uploads\/2020\/05\/IMG_8755-scaled.jpg?resize=768%2C512&amp;ssl=1 768w, https:\/\/i0.wp.com\/www.luthierduquatuor.fr\/wp-content\/uploads\/2020\/05\/IMG_8755-scaled.jpg?resize=1536%2C1023&amp;ssl=1 1536w, https:\/\/i0.wp.com\/www.luthierduquatuor.fr\/wp-content\/uploads\/2020\/05\/IMG_8755-scaled.jpg?resize=2048%2C1364&amp;ssl=1 2048w, https:\/\/i0.wp.com\/www.luthierduquatuor.fr\/wp-content\/uploads\/2020\/05\/IMG_8755-scaled.jpg?resize=182%2C121&amp;ssl=1 182w, https:\/\/i0.wp.com\/www.luthierduquatuor.fr\/wp-content\/uploads\/2020\/05\/IMG_8755-scaled.jpg?resize=220%2C148&amp;ssl=1 220w, https:\/\/i0.wp.com\/www.luthierduquatuor.fr\/wp-content\/uploads\/2020\/05\/IMG_8755-scaled.jpg?resize=272%2C182&amp;ssl=1 272w, https:\/\/i0.wp.com\/www.luthierduquatuor.fr\/wp-content\/uploads\/2020\/05\/IMG_8755-scaled.jpg?w=2250&amp;ssl=1 2250w\" sizes=\"auto, (max-width: 750px) 100vw, 750px\" \/><\/a><\/figure>\n<\/div>\n\n\n<p>Violin, viola and cello maker and restorer :<\/p>\n\n\n\n<p>I studied in Italy<strong> <\/strong>with the masters <a href=\"http:\/\/www.massimonegroni.com\/\">Negroni<\/a> and <a title=\"Quercetani-liutaio\" href=\"http:\/\/www.bottegadiparma.com\/il_maestro.php\">Q<\/a><a href=\"http:\/\/www.quercetani.com\">uercetani<\/a>. Then I specialized in new instruments making working with <a href=\"https:\/\/www.geigenbau-frankfurt.com\/\" target=\"_blank\" rel=\"noreferrer noopener\">Paul Belin<\/a> for <a data-type=\"URL\" data-id=\"http:\/\/www.stephanvonbaehr.com\/main\/?lang=fr&amp;page=about\" href=\"http:\/\/www.stephanvonbaehr.com\/main\/?lang=fr&amp;page=about\" target=\"_blank\" rel=\"noreferrer noopener\">Stephan von Baehr<\/a> in Paris.<\/p>\n\n\n\n<p>In the framework of professional training, I studied restoration with Jean-Jacques Fasnacht and<a rel=\"noreferrer noopener\" href=\"https:\/\/iriscarrrestorations.com\" target=\"_blank\">Iris Carr<\/a>.<\/p>\n\n\n\n<p>In 2012 I opened my own workshop in France and then in Brussels, Belgium in 2019.<\/p>\n\n\n\n<p>Devoted to the development of the trade, I am on the board of directors of the violin makers' association (<a href=\"http:\/\/www.aladfi.com\/\" target=\"_blank\" rel=\"noreferrer noopener\">ALADFI<\/a>) since 2010 and of the Belgian Violin and Bow Makers association (<a href=\"https:\/\/www.belgianviolinbowmakers.com\" target=\"_blank\" rel=\"noreferrer noopener\">BVBM<\/a>) since 2023.<\/p>\n\n\n\n<p>I'm also member of the <a href=\"https:\/\/www.vsaweb.org\/\" target=\"_blank\" rel=\"noreferrer noopener\">Violin Society of America<\/a>.<\/p>\n\n\n\n<p>In 2015 I received a grant for my work from the foundation <a href=\"https:\/\/www.fondationbanquepopulaire.fr\/nos-laureats\/filtres\/annee\/2015\/domaine\/artisanat\/\" target=\"_blank\" rel=\"noreferrer noopener\">fondation d&rsquo;entreprise de la banque populaire<\/a>.<\/p>\n\n\n\n<p><\/p>\n\n\n\n<p><\/p>\n\n\n\n<p><a title=\"contact\" href=\"http:\/\/www.luthierduquatuor.fr\/en\/contact-luthier-bruxelles-belgique\/\" target=\"_self\" rel=\"noopener noreferrer\">Contact me<\/a><\/p>\n\n\n\n<p><\/p>\n\n\n<div class=\"wp-block-image\">\n<figure class=\"alignright is-resized\"><a href=\"http:\/\/www.luthierduquatuor.fr\/en\/slider\/laureate-de-la-fondation-banque-populaire__trashed\/image001\/\" rel=\"attachment wp-att-2849\"><img data-recalc-dims=\"1\" loading=\"lazy\" decoding=\"async\" width=\"260\" height=\"112\" data-attachment-id=\"2849\" data-permalink=\"https:\/\/www.luthierduquatuor.fr\/en\/image001\/\" data-orig-file=\"https:\/\/i0.wp.com\/www.luthierduquatuor.fr\/wp-content\/uploads\/2016\/01\/image001.png?fit=260%2C112&amp;ssl=1\" data-orig-size=\"260,112\" data-comments-opened=\"1\" data-image-meta=\"{&quot;aperture&quot;:&quot;0&quot;,&quot;credit&quot;:&quot;&quot;,&quot;camera&quot;:&quot;&quot;,&quot;caption&quot;:&quot;&quot;,&quot;created_timestamp&quot;:&quot;0&quot;,&quot;copyright&quot;:&quot;&quot;,&quot;focal_length&quot;:&quot;0&quot;,&quot;iso&quot;:&quot;0&quot;,&quot;shutter_speed&quot;:&quot;0&quot;,&quot;title&quot;:&quot;&quot;}\" data-image-title=\"image001\" data-image-description=\"\" data-image-caption=\"\" data-large-file=\"https:\/\/i0.wp.com\/www.luthierduquatuor.fr\/wp-content\/uploads\/2016\/01\/image001.png?fit=260%2C112&amp;ssl=1\" src=\"https:\/\/i0.wp.com\/www.luthierduquatuor.fr\/wp-content\/uploads\/2016\/01\/image001.png?resize=260%2C112\" alt=\"image001\" class=\"wp-image-2849\" style=\"width:183px;height:79px\" srcset=\"https:\/\/i0.wp.com\/www.luthierduquatuor.fr\/wp-content\/uploads\/2016\/01\/image001.png?w=260&amp;ssl=1 260w, https:\/\/i0.wp.com\/www.luthierduquatuor.fr\/wp-content\/uploads\/2016\/01\/image001.png?resize=150%2C64&amp;ssl=1 150w\" sizes=\"auto, (max-width: 260px) 100vw, 260px\" \/><\/a><\/figure>\n<\/div>","protected":false},"excerpt":{"rendered":"<p>Luthi\u00e8re du quatuor \u00e0 cordes,&nbsp;&nbsp;je suis sp\u00e9cialis\u00e9e dans la fabrication et la restauration des violons, altos et violoncelles. J\u2019ai fait mes premiers pas en Italie aupr\u00e8s des ma\u00eetres Negroni et Quercetani, puis je me suis perfectionn\u00e9e dans la fabrication aupr\u00e8s de Paul Belin chez Stephan von Baehr \u00e0 Paris. Je [&hellip;]<\/p>\n","protected":false},"author":1,"featured_media":0,"parent":0,"menu_order":2,"comment_status":"closed","ping_status":"closed","template":"","meta":{"footnotes":""},"class_list":["post-704","page","type-page","status-publish","hentry"],"yoast_head":"<!-- This site is optimized with the Yoast SEO plugin v27.6 - https:\/\/yoast.com\/product\/yoast-seo-wordpress\/ -->\n<title>Pr\u00e9sentation - AG Violins<\/title>\n<meta name=\"robots\" content=\"index, follow, max-snippet:-1, max-image-preview:large, max-video-preview:-1\" \/>\n<link rel=\"canonical\" href=\"https:\/\/www.luthierduquatuor.fr\/en\/presentation-luthier-fabrication-violon-alto-violoncelle\/\" \/>\n<meta property=\"og:locale\" content=\"en_GB\" \/>\n<meta property=\"og:type\" content=\"article\" \/>\n<meta property=\"og:title\" content=\"Pr\u00e9sentation - AG Violins\" \/>\n<meta property=\"og:description\" content=\"Luthi\u00e8re du quatuor \u00e0 cordes,&nbsp;&nbsp;je suis sp\u00e9cialis\u00e9e dans la fabrication et la restauration des violons, altos et violoncelles. J\u2019ai fait mes premiers pas en Italie aupr\u00e8s des ma\u00eetres Negroni et Quercetani, puis je me suis perfectionn\u00e9e dans la fabrication aupr\u00e8s de Paul Belin chez Stephan von Baehr \u00e0 Paris. Je [&hellip;]\" \/>\n<meta property=\"og:url\" content=\"https:\/\/www.luthierduquatuor.fr\/en\/presentation-luthier-fabrication-violon-alto-violoncelle\/\" \/>\n<meta property=\"og:site_name\" content=\"AG Violins\" \/>\n<meta property=\"article:publisher\" content=\"https:\/\/www.facebook.com\/luthierduquatuor\/\" \/>\n<meta property=\"article:modified_time\" content=\"2024-08-14T04:39:20+00:00\" \/>\n<meta property=\"og:image\" content=\"https:\/\/www.luthierduquatuor.fr\/wp-content\/uploads\/2020\/05\/IMG_8755-scaled.jpg\" \/>\n<meta name=\"twitter:card\" content=\"summary_large_image\" \/>\n<meta name=\"twitter:site\" content=\"@AnaisGassin\" \/>\n<meta name=\"twitter:label1\" content=\"Estimated reading time\" \/>\n\t<meta name=\"twitter:data1\" content=\"2 minutes\" \/>\n<script type=\"application\/ld+json\" class=\"yoast-schema-graph\">{\"@context\":\"https:\\\/\\\/schema.org\",\"@graph\":[{\"@type\":\"WebPage\",\"@id\":\"https:\\\/\\\/www.luthierduquatuor.fr\\\/presentation-luthier-fabrication-violon-alto-violoncelle\\\/\",\"url\":\"https:\\\/\\\/www.luthierduquatuor.fr\\\/presentation-luthier-fabrication-violon-alto-violoncelle\\\/\",\"name\":\"Pr\u00e9sentation - AG Violins\",\"isPartOf\":{\"@id\":\"https:\\\/\\\/www.luthierduquatuor.fr\\\/en\\\/#website\"},\"primaryImageOfPage\":{\"@id\":\"https:\\\/\\\/www.luthierduquatuor.fr\\\/presentation-luthier-fabrication-violon-alto-violoncelle\\\/#primaryimage\"},\"image\":{\"@id\":\"https:\\\/\\\/www.luthierduquatuor.fr\\\/presentation-luthier-fabrication-violon-alto-violoncelle\\\/#primaryimage\"},\"thumbnailUrl\":\"https:\\\/\\\/www.luthierduquatuor.fr\\\/wp-content\\\/uploads\\\/2020\\\/05\\\/IMG_8755-scaled.jpg\",\"datePublished\":\"2009-11-01T18:52:34+00:00\",\"dateModified\":\"2024-08-14T04:39:20+00:00\",\"breadcrumb\":{\"@id\":\"https:\\\/\\\/www.luthierduquatuor.fr\\\/presentation-luthier-fabrication-violon-alto-violoncelle\\\/#breadcrumb\"},\"inLanguage\":\"en-GB\",\"potentialAction\":[{\"@type\":\"ReadAction\",\"target\":[\"https:\\\/\\\/www.luthierduquatuor.fr\\\/presentation-luthier-fabrication-violon-alto-violoncelle\\\/\"]}]},{\"@type\":\"ImageObject\",\"inLanguage\":\"en-GB\",\"@id\":\"https:\\\/\\\/www.luthierduquatuor.fr\\\/presentation-luthier-fabrication-violon-alto-violoncelle\\\/#primaryimage\",\"url\":\"https:\\\/\\\/www.luthierduquatuor.fr\\\/wp-content\\\/uploads\\\/2020\\\/05\\\/IMG_8755-scaled.jpg\",\"contentUrl\":\"https:\\\/\\\/www.luthierduquatuor.fr\\\/wp-content\\\/uploads\\\/2020\\\/05\\\/IMG_8755-scaled.jpg\"},{\"@type\":\"BreadcrumbList\",\"@id\":\"https:\\\/\\\/www.luthierduquatuor.fr\\\/presentation-luthier-fabrication-violon-alto-violoncelle\\\/#breadcrumb\",\"itemListElement\":[{\"@type\":\"ListItem\",\"position\":1,\"name\":\"Home\",\"item\":\"https:\\\/\\\/www.luthierduquatuor.fr\\\/en\\\/\"},{\"@type\":\"ListItem\",\"position\":2,\"name\":\"Pr\u00e9sentation\"}]},{\"@type\":\"WebSite\",\"@id\":\"https:\\\/\\\/www.luthierduquatuor.fr\\\/en\\\/#website\",\"url\":\"https:\\\/\\\/www.luthierduquatuor.fr\\\/en\\\/\",\"name\":\"AG Violins\",\"description\":\"Ana\u00efs Gassin - Luthier du quatuor\",\"publisher\":{\"@id\":\"https:\\\/\\\/www.luthierduquatuor.fr\\\/en\\\/#organization\"},\"potentialAction\":[{\"@type\":\"SearchAction\",\"target\":{\"@type\":\"EntryPoint\",\"urlTemplate\":\"https:\\\/\\\/www.luthierduquatuor.fr\\\/en\\\/?s={search_term_string}\"},\"query-input\":{\"@type\":\"PropertyValueSpecification\",\"valueRequired\":true,\"valueName\":\"search_term_string\"}}],\"inLanguage\":\"en-GB\"},{\"@type\":\"Organization\",\"@id\":\"https:\\\/\\\/www.luthierduquatuor.fr\\\/en\\\/#organization\",\"name\":\"AG Violins\",\"url\":\"https:\\\/\\\/www.luthierduquatuor.fr\\\/en\\\/\",\"logo\":{\"@type\":\"ImageObject\",\"inLanguage\":\"en-GB\",\"@id\":\"https:\\\/\\\/www.luthierduquatuor.fr\\\/en\\\/#\\\/schema\\\/logo\\\/image\\\/\",\"url\":\"https:\\\/\\\/www.luthierduquatuor.fr\\\/wp-content\\\/uploads\\\/2020\\\/05\\\/AG_Luthier-du-Quatuor.jpg\",\"contentUrl\":\"https:\\\/\\\/www.luthierduquatuor.fr\\\/wp-content\\\/uploads\\\/2020\\\/05\\\/AG_Luthier-du-Quatuor.jpg\",\"width\":480,\"height\":636,\"caption\":\"AG Violins\"},\"image\":{\"@id\":\"https:\\\/\\\/www.luthierduquatuor.fr\\\/en\\\/#\\\/schema\\\/logo\\\/image\\\/\"},\"sameAs\":[\"https:\\\/\\\/www.facebook.com\\\/luthierduquatuor\\\/\",\"https:\\\/\\\/x.com\\\/AnaisGassin\"]}]}<\/script>\n<!-- \/ Yoast SEO plugin. -->","yoast_head_json":{"title":"Pr\u00e9sentation - AG Violins","robots":{"index":"index","follow":"follow","max-snippet":"max-snippet:-1","max-image-preview":"max-image-preview:large","max-video-preview":"max-video-preview:-1"},"canonical":"https:\/\/www.luthierduquatuor.fr\/en\/presentation-luthier-fabrication-violon-alto-violoncelle\/","og_locale":"en_GB","og_type":"article","og_title":"Pr\u00e9sentation - AG Violins","og_description":"Luthi\u00e8re du quatuor \u00e0 cordes,&nbsp;&nbsp;je suis sp\u00e9cialis\u00e9e dans la fabrication et la restauration des violons, altos et violoncelles. J\u2019ai fait mes premiers pas en Italie aupr\u00e8s des ma\u00eetres Negroni et Quercetani, puis je me suis perfectionn\u00e9e dans la fabrication aupr\u00e8s de Paul Belin chez Stephan von Baehr \u00e0 Paris. Je [&hellip;]","og_url":"https:\/\/www.luthierduquatuor.fr\/en\/presentation-luthier-fabrication-violon-alto-violoncelle\/","og_site_name":"AG Violins","article_publisher":"https:\/\/www.facebook.com\/luthierduquatuor\/","article_modified_time":"2024-08-14T04:39:20+00:00","og_image":[{"url":"https:\/\/www.luthierduquatuor.fr\/wp-content\/uploads\/2020\/05\/IMG_8755-scaled.jpg","type":"","width":"","height":""}],"twitter_card":"summary_large_image","twitter_site":"@AnaisGassin","twitter_misc":{"Estimated reading time":"2 minutes"},"schema":{"@context":"https:\/\/schema.org","@graph":[{"@type":"WebPage","@id":"https:\/\/www.luthierduquatuor.fr\/presentation-luthier-fabrication-violon-alto-violoncelle\/","url":"https:\/\/www.luthierduquatuor.fr\/presentation-luthier-fabrication-violon-alto-violoncelle\/","name":"Pr\u00e9sentation - AG Violins","isPartOf":{"@id":"https:\/\/www.luthierduquatuor.fr\/en\/#website"},"primaryImageOfPage":{"@id":"https:\/\/www.luthierduquatuor.fr\/presentation-luthier-fabrication-violon-alto-violoncelle\/#primaryimage"},"image":{"@id":"https:\/\/www.luthierduquatuor.fr\/presentation-luthier-fabrication-violon-alto-violoncelle\/#primaryimage"},"thumbnailUrl":"https:\/\/www.luthierduquatuor.fr\/wp-content\/uploads\/2020\/05\/IMG_8755-scaled.jpg","datePublished":"2009-11-01T18:52:34+00:00","dateModified":"2024-08-14T04:39:20+00:00","breadcrumb":{"@id":"https:\/\/www.luthierduquatuor.fr\/presentation-luthier-fabrication-violon-alto-violoncelle\/#breadcrumb"},"inLanguage":"en-GB","potentialAction":[{"@type":"ReadAction","target":["https:\/\/www.luthierduquatuor.fr\/presentation-luthier-fabrication-violon-alto-violoncelle\/"]}]},{"@type":"ImageObject","inLanguage":"en-GB","@id":"https:\/\/www.luthierduquatuor.fr\/presentation-luthier-fabrication-violon-alto-violoncelle\/#primaryimage","url":"https:\/\/www.luthierduquatuor.fr\/wp-content\/uploads\/2020\/05\/IMG_8755-scaled.jpg","contentUrl":"https:\/\/www.luthierduquatuor.fr\/wp-content\/uploads\/2020\/05\/IMG_8755-scaled.jpg"},{"@type":"BreadcrumbList","@id":"https:\/\/www.luthierduquatuor.fr\/presentation-luthier-fabrication-violon-alto-violoncelle\/#breadcrumb","itemListElement":[{"@type":"ListItem","position":1,"name":"Home","item":"https:\/\/www.luthierduquatuor.fr\/en\/"},{"@type":"ListItem","position":2,"name":"Pr\u00e9sentation"}]},{"@type":"WebSite","@id":"https:\/\/www.luthierduquatuor.fr\/en\/#website","url":"https:\/\/www.luthierduquatuor.fr\/en\/","name":"AG Violins","description":"Ana\u00efs Gassin - Luthier du quatuor","publisher":{"@id":"https:\/\/www.luthierduquatuor.fr\/en\/#organization"},"potentialAction":[{"@type":"SearchAction","target":{"@type":"EntryPoint","urlTemplate":"https:\/\/www.luthierduquatuor.fr\/en\/?s={search_term_string}"},"query-input":{"@type":"PropertyValueSpecification","valueRequired":true,"valueName":"search_term_string"}}],"inLanguage":"en-GB"},{"@type":"Organization","@id":"https:\/\/www.luthierduquatuor.fr\/en\/#organization","name":"AG Violins","url":"https:\/\/www.luthierduquatuor.fr\/en\/","logo":{"@type":"ImageObject","inLanguage":"en-GB","@id":"https:\/\/www.luthierduquatuor.fr\/en\/#\/schema\/logo\/image\/","url":"https:\/\/www.luthierduquatuor.fr\/wp-content\/uploads\/2020\/05\/AG_Luthier-du-Quatuor.jpg","contentUrl":"https:\/\/www.luthierduquatuor.fr\/wp-content\/uploads\/2020\/05\/AG_Luthier-du-Quatuor.jpg","width":480,"height":636,"caption":"AG Violins"},"image":{"@id":"https:\/\/www.luthierduquatuor.fr\/en\/#\/schema\/logo\/image\/"},"sameAs":["https:\/\/www.facebook.com\/luthierduquatuor\/","https:\/\/x.com\/AnaisGassin"]}]}},"jetpack_shortlink":"https:\/\/wp.me\/P3Qmw9-bm","jetpack_sharing_enabled":true,"jetpack_likes_enabled":true,"jetpack-related-posts":[],"_links":{"self":[{"href":"https:\/\/www.luthierduquatuor.fr\/en\/wp-json\/wp\/v2\/pages\/704","targetHints":{"allow":["GET"]}}],"collection":[{"href":"https:\/\/www.luthierduquatuor.fr\/en\/wp-json\/wp\/v2\/pages"}],"about":[{"href":"https:\/\/www.luthierduquatuor.fr\/en\/wp-json\/wp\/v2\/types\/page"}],"author":[{"embeddable":true,"href":"https:\/\/www.luthierduquatuor.fr\/en\/wp-json\/wp\/v2\/users\/1"}],"replies":[{"embeddable":true,"href":"https:\/\/www.luthierduquatuor.fr\/en\/wp-json\/wp\/v2\/comments?post=704"}],"version-history":[{"count":0,"href":"https:\/\/www.luthierduquatuor.fr\/en\/wp-json\/wp\/v2\/pages\/704\/revisions"}],"wp:attachment":[{"href":"https:\/\/www.luthierduquatuor.fr\/en\/wp-json\/wp\/v2\/media?parent=704"}],"curies":[{"name":"wp","href":"https:\/\/api.w.org\/{rel}","templated":true}]}}